{"id":1821,"date":"2024-07-16T11:31:36","date_gmt":"2024-07-16T09:31:36","guid":{"rendered":"https:\/\/aromenderalpen.de\/informacje-kontaktowe\/"},"modified":"2025-08-01T11:28:48","modified_gmt":"2025-08-01T09:28:48","slug":"informacje-kontaktowe","status":"publish","type":"page","link":"https:\/\/aromenderalpen.de\/pl\/informacje-kontaktowe\/","title":{"rendered":"Informacje kontaktowe"},"content":{"rendered":"\n<div id=\"wd-1c9c0f54\" class=\"wp-block-wd-row\">\n<div id=\"wd-ffa703a1\" class=\"wp-block-wd-column\">\n<div id=\"wd-b6cb23dc\" class=\"wp-block-wd-cover wd-hover-parent\"><div class=\"wd-block-cover-img\"><\/div>\n<div id=\"wd-f621eb40\" class=\"wp-block-wd-container wd-dir-col\">\n<div id=\"wd-2c56a4f9\" class=\"wp-block-wd-image wd-block-image\"><img decoding=\"async\" width=\"512\" height=\"512\" class=\"wp-image-1533\" src=\"https:\/\/aromenderalpen.de\/wp-content\/uploads\/2025\/07\/cropped-logo_aromen-der-alpen.png\" alt=\"\" srcset=\"https:\/\/aromenderalpen.de\/wp-content\/uploads\/2025\/07\/cropped-logo_aromen-der-alpen.png 512w, https:\/\/aromenderalpen.de\/wp-content\/uploads\/2025\/07\/cropped-logo_aromen-der-alpen-300x300.png 300w, https:\/\/aromenderalpen.de\/wp-content\/uploads\/2025\/07\/cropped-logo_aromen-der-alpen-150x150.png 150w, https:\/\/aromenderalpen.de\/wp-content\/uploads\/2025\/07\/cropped-logo_aromen-der-alpen-270x270.png 270w, https:\/\/aromenderalpen.de\/wp-content\/uploads\/2025\/07\/cropped-logo_aromen-der-alpen-192x192.png 192w, https:\/\/aromenderalpen.de\/wp-content\/uploads\/2025\/07\/cropped-logo_aromen-der-alpen-180x180.png 180w, https:\/\/aromenderalpen.de\/wp-content\/uploads\/2025\/07\/cropped-logo_aromen-der-alpen-32x32.png 32w\" sizes=\"(max-width: 512px) 100vw, 512px\" \/><\/div>\n<\/div>\n<\/div>\n<\/div>\n\n\n\n<div id=\"wd-772da852\" class=\"wp-block-wd-column wd-align\">\n<h2 id=\"wd-35fc39c3\" class=\"wp-block-wd-title title\">Aromen der Alpen<\/h2>\n\n\n\n<p id=\"wd-49e07668\" class=\"wp-block-wd-paragraph\">Numer telefonu: 004915202614330<\/p>\n\n\n\n<p id=\"wd-e194696e\" class=\"wp-block-wd-paragraph\">E-mail: info.aromenderalpen@gmail.com<\/p>\n\n\n\n<p id=\"wd-0af67c6b\" class=\"wp-block-wd-paragraph\">Adres fizyczny: Aromen der Alpen, Rauschwalder Stra\u00dfe 5, 02826 G\u00f6rlitz, Deutschland<\/p>\n\n\n\n<p id=\"wd-e33ab164\" class=\"wp-block-wd-paragraph\">NIP UE: 2322\/246\/34735<\/p>\n\n\n\n<p>Numer dzia\u0142alno\u015bci gospodarczej: 14626110<\/p>\n\n\n\n<p id=\"wd-ba7f6334\" class=\"wp-block-wd-paragraph\">P\u0142atno\u015bci: <\/p>\n\n\n\n<p id=\"wd-59441497\" class=\"wp-block-wd-paragraph\">Mo\u017cesz skorzysta\u0107 z PayPal lub wykona\u0107 przelew bankowy.<\/p>\n\n\n\n<p id=\"wd-75a7df3e\" class=\"wp-block-wd-paragraph\">Konto bankowe: DE89 8707 0424 0060 8240 00 <\/p>\n\n\n\n<p id=\"wd-b6063015\" class=\"wp-block-wd-paragraph\">Akceptujemy p\u0142atno\u015bci w ka\u017cdej walucie.<\/p>\n<\/div>\n<\/div>\n\n<div id=\"wd-fe6185a9\" class=\"wp-block-wd-row\">\n<div id=\"wd-bfbf9c01\" class=\"wp-block-wd-column\">\n<h2 id=\"wd-8a26110f\" class=\"wp-block-wd-title title\">Wy\u015blij wiadomo\u015b\u0107<\/h2>\n\n\n<div id=\"wd-abda8597\" class=\"\">\n<div class=\"wpcf7 no-js\" id=\"wpcf7-f701-o1\" lang=\"de-DE\" dir=\"ltr\" data-wpcf7-id=\"701\">\n<div class=\"screen-reader-response\"><p role=\"status\" aria-live=\"polite\" aria-atomic=\"true\"><\/p> <ul><\/ul><\/div>\n<form action=\"\/pl\/wp-json\/wp\/v2\/pages\/1821#wpcf7-f701-o1\" method=\"post\" class=\"wpcf7-form init\" aria-label=\"Kontaktformular\" novalidate=\"novalidate\" data-status=\"init\">\n<fieldset class=\"hidden-fields-container\"><input type=\"hidden\" name=\"_wpcf7\" value=\"701\" \/><input type=\"hidden\" name=\"_wpcf7_version\" value=\"6.1.4\" \/><input type=\"hidden\" name=\"_wpcf7_locale\" value=\"de_DE\" \/><input type=\"hidden\" name=\"_wpcf7_unit_tag\" value=\"wpcf7-f701-o1\" \/><input type=\"hidden\" name=\"_wpcf7_container_post\" value=\"0\" \/><input type=\"hidden\" name=\"_wpcf7_posted_data_hash\" value=\"\" \/>\n<\/fieldset>\n<div class=\"wd-grid-g\">\n\t<p class=\"wd-col\"><span class=\"wpcf7-form-control-wrap\" data-name=\"Name\"><input size=\"40\" maxlength=\"400\" class=\"wpcf7-form-control wpcf7-text wpcf7-validates-as-required\" aria-required=\"true\" aria-invalid=\"false\" placeholder=\"Dein Name\" value=\"\" type=\"text\" name=\"Name\" \/><\/span>\n\t<\/p>\n\t<p class=\"wd-col\"><span class=\"wpcf7-form-control-wrap\" data-name=\"Email\"><input size=\"40\" maxlength=\"400\" class=\"wpcf7-form-control wpcf7-text wpcf7-validates-as-required\" aria-required=\"true\" aria-invalid=\"false\" placeholder=\"Deine E-Mail-Adresse\" value=\"\" type=\"text\" name=\"Email\" \/><\/span>\n\t<\/p>\n\t<p class=\"wd-col\"><span class=\"wpcf7-form-control-wrap\" data-name=\"your-message\"><textarea cols=\"40\" rows=\"10\" maxlength=\"2000\" class=\"wpcf7-form-control wpcf7-textarea\" aria-invalid=\"false\" placeholder=\"Deine Nachricht\" name=\"your-message\"><\/textarea><\/span>\n\t<\/p>\n\t<p class=\"wd-col\"><input class=\"wpcf7-form-control wpcf7-submit has-spinner btn btn-color-primary\" type=\"submit\" value=\"Senden\" \/>\n\t<\/p>\n<\/div><div class=\"wpcf7-response-output\" aria-hidden=\"true\"><\/div>\n<\/form>\n<\/div>\n<\/div><\/div>\n\n\n\n<div id=\"wd-c30eba3f\" class=\"wp-block-wd-column\">\n<h2 id=\"wd-460a6bf0\" class=\"wp-block-wd-title title\">Cz\u0119sto zadawane pytania<\/h2>\n\n\n\n<div id=\"wd-68680b77\" class=\"wp-block-wd-accordion wd-accordion wd-style-default wd-titles-start wd-opener-style-arrow wd-opener-pos-end\" data-state=\"all\">\n<div id=\"wd-71f6c4c2\" class=\"wp-block-wd-accordion-pane wd-accordion-item\"><div class=\"wd-accordion-title\"><div class=\"wd-accordion-title-text\"><span>Moje zam\u00f3wienie jeszcze nie dotar\u0142o. Gdzie ono jest?<\/span><\/div><span class=\"wd-accordion-opener\"><\/span><\/div><div class=\"wd-accordion-content\"><div class=\"wd-accordion-content-inner\">\n<p id=\"wd-952960ed\" class=\"wp-block-wd-paragraph\">Systemy szablon\u00f3w w profesjonalnym u\u017cyciu stron internetowych. Profesjonalne platformy wydawnicze i systemy zarz\u0105dzania tre\u015bci\u0105 zapewniaj\u0105 mo\u017cliwo\u015b\u0107 wy\u015bwietlania r\u00f3\u017cnych tekst\u00f3w i danych przy u\u017cyciu tego samego szablonu. Gdy chodzi o zarz\u0105dzanie setkami artyku\u0142\u00f3w, stron produktowych dla sklep\u00f3w internetowych.<\/p>\n<\/div><\/div><\/div>\n\n\n\n<div id=\"wd-aa6233fc\" class=\"wp-block-wd-accordion-pane wd-accordion-item\"><div class=\"wd-accordion-title\"><div class=\"wd-accordion-title-text\"><span>Czy dostarczacie w \u015bwi\u0119ta?<\/span><\/div><span class=\"wd-accordion-opener\"><\/span><\/div><div class=\"wd-accordion-content\"><div class=\"wd-accordion-content-inner\">\n<p id=\"wd-b174e10c\" class=\"wp-block-wd-paragraph\">Systemy szablon\u00f3w w profesjonalnym u\u017cyciu stron internetowych. Profesjonalne platformy wydawnicze i systemy zarz\u0105dzania tre\u015bci\u0105 zapewniaj\u0105 mo\u017cliwo\u015b\u0107 wy\u015bwietlania r\u00f3\u017cnych tekst\u00f3w i danych przy u\u017cyciu tego samego szablonu. Gdy chodzi o zarz\u0105dzanie setkami artyku\u0142\u00f3w, stron produktowych dla sklep\u00f3w internetowych.<\/p>\n<\/div><\/div><\/div>\n\n\n\n<div id=\"wd-96692358\" class=\"wp-block-wd-accordion-pane wd-accordion-item\"><div class=\"wd-accordion-title\"><div class=\"wd-accordion-title-text\"><span>Czy dostarczacie na m\u00f3j kod pocztowy?<\/span><\/div><span class=\"wd-accordion-opener\"><\/span><\/div><div class=\"wd-accordion-content\"><div class=\"wd-accordion-content-inner\">\n<p id=\"wd-da1e1060\" class=\"wp-block-wd-paragraph\">Je\u015bli tre\u015b\u0107 staje si\u0119 rozpraszaj\u0105ca w projekcie, oznacza to, \u017ce co\u015b robisz \u017ale lub dyskutuj\u0105 o zmianach w tre\u015bci. Mo\u017ce to by\u0107 troch\u0119 irytuj\u0105ce, ale mo\u017cesz im powiedzie\u0107, \u017ce ta dyskusja by\u0142aby bardziej odpowiednia w innym czasie. W najgorszym razie dyskusja przynajmniej zmierza do ostatecznego celu Twojej strony, czego nie mo\u017cna powiedzie\u0107 o pytaniach dotycz\u0105cych lorem ipsum.<\/p>\n<\/div><\/div><\/div>\n\n\n\n<div id=\"wd-b8f0204c\" class=\"wp-block-wd-accordion-pane wd-accordion-item\"><div class=\"wd-accordion-title\"><div class=\"wd-accordion-title-text\"><span>Czy dostawa nast\u0119pnego dnia jest dost\u0119pna dla wszystkich zam\u00f3wie\u0144?<\/span><\/div><span class=\"wd-accordion-opener\"><\/span><\/div><div class=\"wd-accordion-content\"><div class=\"wd-accordion-content-inner\">\n<p id=\"wd-e801d816\" class=\"wp-block-wd-paragraph\">Pozornie elegancki projekt mo\u017ce szybko zacz\u0105\u0107 puchn\u0105\u0107 od nieoczekiwanej tre\u015bci lub za\u0142ama\u0107 si\u0119 pod ci\u0119\u017carem rzeczywistej aktywno\u015bci. Fa\u0142szywe dane mog\u0105 zapewni\u0107 \u0142adnie wygl\u0105daj\u0105cy uk\u0142ad, ale nie odzwierciedlaj\u0105 tego, co musi wytrzyma\u0107 \u017cywa, dzia\u0142aj\u0105ca aplikacja. Prawdziwe dane to robi\u0105.<\/p>\n<\/div><\/div><\/div>\n\n\n\n<div id=\"wd-c026c89e\" class=\"wp-block-wd-accordion-pane wd-accordion-item\"><div class=\"wd-accordion-title\"><div class=\"wd-accordion-title-text\"><span>Czy musz\u0119 by\u0107 obecny, aby podpisa\u0107 odbi\u00f3r przesy\u0142ki?<\/span><\/div><span class=\"wd-accordion-opener\"><\/span><\/div><div class=\"wd-accordion-content\"><div class=\"wd-accordion-content-inner\">\n<p id=\"wd-18c50c03\" class=\"wp-block-wd-paragraph\">Systemy szablon\u00f3w w profesjonalnym u\u017cyciu stron internetowych. Profesjonalne platformy wydawnicze i systemy zarz\u0105dzania tre\u015bci\u0105 zapewniaj\u0105 mo\u017cliwo\u015b\u0107 wy\u015bwietlania r\u00f3\u017cnych tekst\u00f3w i danych przy u\u017cyciu tego samego szablonu. Gdy chodzi o zarz\u0105dzanie setkami artyku\u0142\u00f3w, stron produktowych dla sklep\u00f3w internetowych.<\/p>\n<\/div><\/div><\/div>\n<\/div>\n<\/div>\n<\/div>\n","protected":false},"excerpt":{"rendered":"","protected":false},"author":1,"featured_media":0,"parent":0,"menu_order":0,"comment_status":"closed","ping_status":"closed","template":"","meta":{"footnotes":""},"class_list":["post-1821","page","type-page","status-publish","hentry"],"_links":{"self":[{"href":"https:\/\/aromenderalpen.de\/pl\/wp-json\/wp\/v2\/pages\/1821","targetHints":{"allow":["GET"]}}],"collection":[{"href":"https:\/\/aromenderalpen.de\/pl\/wp-json\/wp\/v2\/pages"}],"about":[{"href":"https:\/\/aromenderalpen.de\/pl\/wp-json\/wp\/v2\/types\/page"}],"author":[{"embeddable":true,"href":"https:\/\/aromenderalpen.de\/pl\/wp-json\/wp\/v2\/users\/1"}],"replies":[{"embeddable":true,"href":"https:\/\/aromenderalpen.de\/pl\/wp-json\/wp\/v2\/comments?post=1821"}],"version-history":[{"count":1,"href":"https:\/\/aromenderalpen.de\/pl\/wp-json\/wp\/v2\/pages\/1821\/revisions"}],"predecessor-version":[{"id":1822,"href":"https:\/\/aromenderalpen.de\/pl\/wp-json\/wp\/v2\/pages\/1821\/revisions\/1822"}],"wp:attachment":[{"href":"https:\/\/aromenderalpen.de\/pl\/wp-json\/wp\/v2\/media?parent=1821"}],"curies":[{"name":"wp","href":"https:\/\/api.w.org\/{rel}","templated":true}]}}