{"id":1823,"date":"2025-07-22T08:20:44","date_gmt":"2025-07-22T06:20:44","guid":{"rendered":"https:\/\/aromenderalpen.de\/wysylka\/"},"modified":"2025-08-01T12:04:10","modified_gmt":"2025-08-01T10:04:10","slug":"wysylka","status":"publish","type":"page","link":"https:\/\/aromenderalpen.de\/pl\/wysylka\/","title":{"rendered":"Wysy\u0142ka"},"content":{"rendered":"\n<p id=\"wd-1ddd2155\" class=\"wp-block-wd-paragraph\"><strong>Zgodnie z artyku\u0142em \u201e\u00a7 312g BGB \u2013 Prawo do odst\u0105pienia od umowy\u201d mamy prawo do rezygnacji z prawa zwrotu, poniewa\u017c dotyczy to towar\u00f3w \u0142atwo psuj\u0105cych si\u0119.<\/strong><\/p>\n\n<p id=\"wd-03107afa\" class=\"wp-block-wd-paragraph\"><strong>Zwroty\/Wymiana uprawnionych artyku\u0142\u00f3w<\/strong><br\/>Niekt\u00f3re artyku\u0142y nie podlegaj\u0105 zwrotowi, np. produkty \u0142atwo psuj\u0105ce si\u0119 (jak \u017cywno\u015b\u0107, kwiaty lub ro\u015bliny), produkty wykonane na specjalne zam\u00f3wienie (np. zam\u00f3wienia specjalne lub spersonalizowane artyku\u0142y) oraz produkty do higieny osobistej (np. produkty kosmetyczne). Prosimy o kontakt w przypadku pyta\u0144 lub w\u0105tpliwo\u015bci dotycz\u0105cych konkretnego artyku\u0142u. <\/p>\n\n<p id=\"wd-fd25ee63\" class=\"wp-block-wd-paragraph\">Prosimy o rozwa\u017cne dokonywanie zakup\u00f3w, poniewa\u017c dotyczy to produkt\u00f3w spo\u017cywczych.<\/p>\n\n<p id=\"wd-0630ad77\" class=\"wp-block-wd-paragraph\"><strong>Zwrot pieni\u0119dzy<\/strong><br\/>W przypadku b\u0142\u0119du w zam\u00f3wieniu prosimy o szybki kontakt. Mo\u017cemy dokona\u0107 zwrotu pieni\u0119dzy lub wymieni\u0107 produkt przed wysy\u0142k\u0105.<br\/>W przypadku wniosku o zwrot pieni\u0119dzy, otrzymaj\u0105 Pa\u0144stwo automatyczny zwrot na pierwotn\u0105 metod\u0119 p\u0142atno\u015bci. Nale\u017cy pami\u0119ta\u0107, \u017ce przetworzenie i zaksi\u0119gowanie zwrotu przez bank lub firm\u0119 obs\u0142uguj\u0105c\u0105 kart\u0119 kredytow\u0105 mo\u017ce zaj\u0105\u0107 pewien czas.<br\/>Je\u015bli min\u0119\u0142o wi\u0119cej ni\u017c 15 dni roboczych od zatwierdzenia zwrotu, prosimy o kontakt pod adresem info.aromenderalpen@gmail.com.  <\/p>\n\n<p id=\"wd-94b6a9d1\" class=\"wp-block-wd-paragraph\"><br\/><br\/>W przypadku pyta\u0144 dotycz\u0105cych zwrot\u00f3w mo\u017cna si\u0119 z nami kontaktowa\u0107 w ka\u017cdej chwili pod adresem <a href=\"mailto:info.aromenderalpen@gmail.com\">info.aromenderalpen@gmail.com<\/a>.<\/p>\n\n<p id=\"wd-a6d65ff3\" class=\"wp-block-wd-paragraph\"><strong>Uszkodzenia i problemy:<\/strong><br\/>Prosimy o sprawdzenie zam\u00f3wienia przy odbiorze i natychmiastowy kontakt w przypadku, gdy artyku\u0142 jest wadliwy, uszkodzony lub otrzymali Pa\u0144stwo niew\u0142a\u015bciwy produkt, aby\u015bmy mogli oceni\u0107 i rozwi\u0105za\u0107 problem.<\/p>\n\n<p id=\"wd-96883574\" class=\"wp-block-wd-paragraph\">Prosimy o rozwa\u017cne dokonywanie zakup\u00f3w, poniewa\u017c dotyczy to produkt\u00f3w spo\u017cywczych.<\/p>\n","protected":false},"excerpt":{"rendered":"","protected":false},"author":1,"featured_media":0,"parent":0,"menu_order":0,"comment_status":"closed","ping_status":"closed","template":"","meta":{"footnotes":""},"class_list":["post-1823","page","type-page","status-publish","hentry"],"_links":{"self":[{"href":"https:\/\/aromenderalpen.de\/pl\/wp-json\/wp\/v2\/pages\/1823","targetHints":{"allow":["GET"]}}],"collection":[{"href":"https:\/\/aromenderalpen.de\/pl\/wp-json\/wp\/v2\/pages"}],"about":[{"href":"https:\/\/aromenderalpen.de\/pl\/wp-json\/wp\/v2\/types\/page"}],"author":[{"embeddable":true,"href":"https:\/\/aromenderalpen.de\/pl\/wp-json\/wp\/v2\/users\/1"}],"replies":[{"embeddable":true,"href":"https:\/\/aromenderalpen.de\/pl\/wp-json\/wp\/v2\/comments?post=1823"}],"version-history":[{"count":1,"href":"https:\/\/aromenderalpen.de\/pl\/wp-json\/wp\/v2\/pages\/1823\/revisions"}],"predecessor-version":[{"id":1824,"href":"https:\/\/aromenderalpen.de\/pl\/wp-json\/wp\/v2\/pages\/1823\/revisions\/1824"}],"wp:attachment":[{"href":"https:\/\/aromenderalpen.de\/pl\/wp-json\/wp\/v2\/media?parent=1823"}],"curies":[{"name":"wp","href":"https:\/\/api.w.org\/{rel}","templated":true}]}}