{"id":1805,"date":"2025-07-23T10:27:19","date_gmt":"2025-07-23T08:27:19","guid":{"rendered":"https:\/\/aromenderalpen.de\/das-produkt\/sol-truflowa-drobna-sol-morska-z-trufla-letnia\/"},"modified":"2025-07-23T10:27:19","modified_gmt":"2025-07-23T08:27:19","slug":"sol-truflowa-drobna-sol-morska-z-trufla-letnia","status":"publish","type":"product","link":"https:\/\/aromenderalpen.de\/pl\/produkt\/sol-truflowa-drobna-sol-morska-z-trufla-letnia\/","title":{"rendered":"S\u00f3l truflowa \u2013 Drobna s\u00f3l morska z trufl\u0105 letni\u0105"},"content":{"rendered":"<p>Nasza s\u00f3l truflowa b\u0142yskawicznie uszlachetnia potrawy. Z 3% zawarto\u015bci\u0105 liofilizowanej trufli letniej, ta przyprawa jest niezb\u0119dna do makaronu, jajek, mi\u0119sa, sa\u0142atek lub warzyw. Mniej znaczy wi\u0119cej \u2013 wystarczy szczypta.<\/p>\n<h3>Cechy produktu<\/h3>\n<ul>\n<li>Typ produktu: S\u00f3l truflowa<\/li>\n<li>Sk\u0142adniki: s\u00f3l morska, s\u00f3l kamienna, trufla letnia, aromat<\/li>\n<li>Zawarto\u015b\u0107 trufli: 3% (liofilizowana)<\/li>\n<li>Konsystencja: drobno krystaliczna<\/li>\n<li>Smak: wyrazisty, ziemisty, lekko orzechowy<\/li>\n<li>Bez laktozy: tak<\/li>\n<li>Zawarto\u015b\u0107: 40 g<\/li>\n<\/ul>\n<h3>Zastosowanie i rekomendacje<\/h3>\n<p>Idealny do:<\/p>\n<ul>\n<li>Potrawy z jajek, makarony, ziemniaki<\/li>\n<li>Risotto, carpaccio, mas\u0142o<\/li>\n<li>Popcorn lub chleb z mas\u0142em<\/li>\n<\/ul>\n<p>Wskaz\u00f3wka: S\u00f3l truflow\u0105 nale\u017cy dodawa\u0107 po zako\u0144czeniu gotowania \u2013 dla maksymalnego aromatu.<\/p>\n<h4>Przechowywanie i wskaz\u00f3wki<\/h4>\n<ul>\n<li>Przechowywa\u0107 w ch\u0142odnym i suchym miejscu<\/li>\n<li>Przechowywa\u0107 szczelnie zamkni\u0119te<\/li>\n<li>Chroni\u0107 przed wilgoci\u0105<\/li>\n<li>Data wa\u017cno\u015bci: patrz etykieta<\/li>\n<\/ul>\n","protected":false},"excerpt":{"rendered":"<p>Nasza s\u00f3l truflowa b\u0142yskawicznie uszlachetnia potrawy. Z 3% zawarto\u015bci\u0105 liofilizowanej trufli letniej, ta przyprawa jest niezb\u0119dna do makaronu, jajek, mi\u0119sa,<\/p>\n","protected":false},"featured_media":1594,"comment_status":"closed","ping_status":"closed","template":"","meta":[],"product_brand":[85],"product_cat":[113],"product_tag":[],"class_list":{"0":"post-1805","1":"product","2":"type-product","3":"status-publish","4":"has-post-thumbnail","6":"product_brand-aromen-der-alpen","7":"product_cat-produkty-truflowe","9":"first","10":"instock","11":"purchasable","12":"product-type-simple"},"_links":{"self":[{"href":"https:\/\/aromenderalpen.de\/pl\/wp-json\/wp\/v2\/product\/1805","targetHints":{"allow":["GET"]}}],"collection":[{"href":"https:\/\/aromenderalpen.de\/pl\/wp-json\/wp\/v2\/product"}],"about":[{"href":"https:\/\/aromenderalpen.de\/pl\/wp-json\/wp\/v2\/types\/product"}],"replies":[{"embeddable":true,"href":"https:\/\/aromenderalpen.de\/pl\/wp-json\/wp\/v2\/comments?post=1805"}],"wp:featuredmedia":[{"embeddable":true,"href":"https:\/\/aromenderalpen.de\/pl\/wp-json\/wp\/v2\/media\/1594"}],"wp:attachment":[{"href":"https:\/\/aromenderalpen.de\/pl\/wp-json\/wp\/v2\/media?parent=1805"}],"wp:term":[{"taxonomy":"product_brand","embeddable":true,"href":"https:\/\/aromenderalpen.de\/pl\/wp-json\/wp\/v2\/product_brand?post=1805"},{"taxonomy":"product_cat","embeddable":true,"href":"https:\/\/aromenderalpen.de\/pl\/wp-json\/wp\/v2\/product_cat?post=1805"},{"taxonomy":"product_tag","embeddable":true,"href":"https:\/\/aromenderalpen.de\/pl\/wp-json\/wp\/v2\/product_tag?post=1805"}],"curies":[{"name":"wp","href":"https:\/\/api.w.org\/{rel}","templated":true}]}}