{"id":1808,"date":"2025-07-23T10:27:19","date_gmt":"2025-07-23T08:27:19","guid":{"rendered":"https:\/\/aromenderalpen.de\/das-produkt\/deska-serow\/"},"modified":"2025-09-29T08:39:03","modified_gmt":"2025-09-29T06:39:03","slug":"deska-serow","status":"publish","type":"product","link":"https:\/\/aromenderalpen.de\/pl\/produkt\/deska-serow\/","title":{"rendered":"Deska ser\u00f3w"},"content":{"rendered":"<p>Szukasz <strong>pomys\u0142\u00f3w na przygotowanie deski ser\u00f3w<\/strong> lub chcesz po prostu kupi\u0107 gotow\u0105 <strong>desk\u0119 ser\u00f3w<\/strong>? W takim razie nasza starannie skomponowana deska ser\u00f3w jest dok\u0142adnie tym, czego potrzebujesz.<\/p>\n<p>Idealna na brunch, kolacj\u0119 lub jako g\u0142\u00f3wna atrakcja bufetu \u2013 wystarczy rozpakowa\u0107, u\u0142o\u017cy\u0107 i podawa\u0107. Opcjonalnie mo\u017cna po\u0142\u0105czy\u0107 ze \u015bwie\u017cymi owocami, chlebem, krakersami lub winem.<\/p>\n<h3>Zawarto\u015b\u0107 deski ser\u00f3w<\/h3>\n<p>Ta deska ser\u00f3w oferuje wyrafinowan\u0105 mieszank\u0119 kremowych, \u0142agodnych i pikantnych odmian \u2013 idealna dla mi\u0142o\u015bnik\u00f3w sera i go\u015bci o r\u00f3\u017cnych upodobaniach smakowych.<\/p>\n<h3>Zawarte rodzaje ser\u00f3w:<\/h3>\n<ul>\n<li>Ser kozi \u2013 200 g<\/li>\n<li>Ser truflowy \u2013 200 g<\/li>\n<li>Camembert \u2013 250 g<\/li>\n<li>Ser farmerski \u2013 250 g<\/li>\n<li>Ser wulkaniczny \u2013 200 g<\/li>\n<li>Ser kminkowy \u2013 200 g<\/li>\n<\/ul>\n<h3>Dla wszystkich, kt\u00f3rzy chc\u0105 sami skomponowa\u0107 desk\u0119 ser\u00f3w<\/h3>\n<p>Odpowiednia r\u00f3wnie\u017c dla fan\u00f3w DIY: Ten wyb\u00f3r stanowi \u015bwietn\u0105 baz\u0119 do <strong>samodzielnego przygotowania deski ser\u00f3w<\/strong> \u2013 uzupe\u0142nij j\u0105 dipami, winogronami, orzechami lub konfitur\u0105 z fig.<\/p>\n<h4>Przechowywanie i dodatkowe informacje<\/h4>\n<ul>\n<li>Przechowywa\u0107 w ch\u0142odnym miejscu<\/li>\n<li>Wyj\u0105\u0107 30 minut przed podaniem<\/li>\n<li>Warto\u015bci od\u017cywcze i dat\u0119 wa\u017cno\u015bci znajdziesz na opakowaniu<\/li>\n<\/ul>\n","protected":false},"excerpt":{"rendered":"<p>Szukasz <strong>pomys\u0142\u00f3w na przygotowanie deski ser\u00f3w<\/strong> lub chcesz po prostu kupi\u0107 gotow\u0105 <strong>desk\u0119 ser\u00f3w<\/strong>? W takim razie nasza starannie skomponowana deska ser\u00f3w jest dok\u0142adnie tym, czego potrzebujesz.<\/p>\n<p>Idealna na brunch, kolacj\u0119 lub jako g\u0142\u00f3wna atrakcja bufetu \u2013 wystarczy rozpakowa\u0107, u\u0142o\u017cy\u0107 i podawa\u0107. Opcjonalnie mo\u017cna po\u0142\u0105czy\u0107 ze \u015bwie\u017cymi owocami, chlebem, krakersami lub winem.<\/p>\n<h3>Zawarto\u015b\u0107 deski ser\u00f3w<\/h3>\n<p>Ta deska ser\u00f3w oferuje wyrafinowan\u0105 mieszank\u0119 kremowych, \u0142agodnych i pikantnych odmian \u2013 idealna dla mi\u0142o\u015bnik\u00f3w sera i go\u015bci o r\u00f3\u017cnych upodobaniach smakowych.<\/p>\n<h3>Zawarte rodzaje ser\u00f3w:<\/h3>\n<ul>\n<li>Ser kozi \u2013 200 g<\/li>\n<li>Ser truflowy \u2013 200 g<\/li>\n<li>Camembert \u2013 250 g<\/li>\n<li>Ser farmerski \u2013 250 g<\/li>\n<li>Ser wulkaniczny \u2013 200 g<\/li>\n<li>Ser kminkowy \u2013 200 g<\/li>\n<\/ul>\n<h3>Dla wszystkich, kt\u00f3rzy chc\u0105 sami skomponowa\u0107 desk\u0119 ser\u00f3w<\/h3>\n<p>Odpowiednia r\u00f3wnie\u017c dla fan\u00f3w DIY: Ten wyb\u00f3r stanowi \u015bwietn\u0105 baz\u0119 do <strong>samodzielnego przygotowania deski ser\u00f3w<\/strong> \u2013 uzupe\u0142nij j\u0105 dipami, winogronami, orzechami lub konfitur\u0105 z fig.<\/p>\n<h4>Przechowywanie i dodatkowe informacje<\/h4>\n<ul>\n<li>Przechowywa\u0107 w ch\u0142odnym miejscu<\/li>\n<li>Wyj\u0105\u0107 30 minut przed podaniem<\/li>\n<li>Warto\u015bci od\u017cywcze i dat\u0119 wa\u017cno\u015bci znajdziesz na opakowaniu<\/li>\n<\/ul>\n","protected":false},"featured_media":1598,"comment_status":"closed","ping_status":"closed","template":"","meta":[],"product_brand":[85],"product_cat":[108],"product_tag":[],"class_list":{"0":"post-1808","1":"product","2":"type-product","3":"status-publish","4":"has-post-thumbnail","6":"product_brand-aromen-der-alpen","7":"product_cat-deska-serow","9":"first","10":"instock","11":"purchasable","12":"product-type-simple"},"_links":{"self":[{"href":"https:\/\/aromenderalpen.de\/pl\/wp-json\/wp\/v2\/product\/1808","targetHints":{"allow":["GET"]}}],"collection":[{"href":"https:\/\/aromenderalpen.de\/pl\/wp-json\/wp\/v2\/product"}],"about":[{"href":"https:\/\/aromenderalpen.de\/pl\/wp-json\/wp\/v2\/types\/product"}],"replies":[{"embeddable":true,"href":"https:\/\/aromenderalpen.de\/pl\/wp-json\/wp\/v2\/comments?post=1808"}],"wp:featuredmedia":[{"embeddable":true,"href":"https:\/\/aromenderalpen.de\/pl\/wp-json\/wp\/v2\/media\/1598"}],"wp:attachment":[{"href":"https:\/\/aromenderalpen.de\/pl\/wp-json\/wp\/v2\/media?parent=1808"}],"wp:term":[{"taxonomy":"product_brand","embeddable":true,"href":"https:\/\/aromenderalpen.de\/pl\/wp-json\/wp\/v2\/product_brand?post=1808"},{"taxonomy":"product_cat","embeddable":true,"href":"https:\/\/aromenderalpen.de\/pl\/wp-json\/wp\/v2\/product_cat?post=1808"},{"taxonomy":"product_tag","embeddable":true,"href":"https:\/\/aromenderalpen.de\/pl\/wp-json\/wp\/v2\/product_tag?post=1808"}],"curies":[{"name":"wp","href":"https:\/\/api.w.org\/{rel}","templated":true}]}}