{"id":1809,"date":"2025-07-23T10:27:19","date_gmt":"2025-07-23T08:27:19","guid":{"rendered":"https:\/\/aromenderalpen.de\/das-produkt\/maslo-alpejskie-200g\/"},"modified":"2025-09-29T08:43:20","modified_gmt":"2025-09-29T06:43:20","slug":"maslo-alpejskie-200g","status":"publish","type":"product","link":"https:\/\/aromenderalpen.de\/pl\/produkt\/maslo-alpejskie-200g\/","title":{"rendered":"Mas\u0142o alpejskie 200g"},"content":{"rendered":"<h3>Prawdziwe pochodzenie, autentyczny smak<\/h3>\n<p>Mas\u0142o alpejskie jest wytwarzane wed\u0142ug przekazywanej <strong>receptury ze \u015bmietany<\/strong> z mleka od kr\u00f3w karmionych sianem &#8211; czyli mleka od kr\u00f3w \u017cywionych wy\u0142\u0105cznie naturalnym sianem i traw\u0105. Rezultatem jest wyj\u0105tkowo aromatyczne, pe\u0142ne doznanie smakowe dla wszystkich mi\u0142o\u015bnik\u00f3w wysokiej jako\u015bci produkt\u00f3w mlecznych.<\/p>\n<h3>Kremowa konsystencja z 82% t\u0142uszczu<\/h3>\n<p>Z zawarto\u015bci\u0105 t\u0142uszczu <strong>82%<\/strong> to mas\u0142o oferuje wyj\u0105tkowo delikatn\u0105 konsystencj\u0119, kt\u00f3ra idealnie rozprowadza si\u0119 na \u015bwie\u017cym chlebie &#8211; doskona\u0142e r\u00f3wnie\u017c do sma\u017cenia, gotowania i pieczenia.<\/p>\n<h3>Idealne do zamro\u017cenia<\/h3>\n<p>Zalecenie mistrza serowarskiego: <strong>mas\u0142o alpejskie \u015bwietnie nadaje si\u0119 do zamro\u017cenia.<\/strong> Wystarczy wyj\u0105\u0107 je z zamra\u017carki dzie\u0144 przed u\u017cyciem i powoli rozmra\u017ca\u0107 w lod\u00f3wce.<\/p>\n<h3>Sk\u0142adniki i przechowywanie<\/h3>\n<ul>\n<li>Sk\u0142adniki: mleko pasteryzowane (zawiera laktoz\u0119)<\/li>\n<li>Bez laktozy: nie<\/li>\n<li>Przechowywanie: w lod\u00f3wce (mo\u017cna zamra\u017ca\u0107)<\/li>\n<\/ul>\n<h4>Dodatkowe informacje<\/h4>\n<ul>\n<li><strong>Warto\u015bci od\u017cywcze oraz data minimalnej trwa\u0142o\u015bci znajduj\u0105<\/strong> si\u0119 na opakowaniu.<\/li>\n<li><strong>Produkt zawiera naturalnie wyst\u0119puj\u0105cy cholesterol mleczny.<\/strong><\/li>\n<\/ul>\n","protected":false},"excerpt":{"rendered":"<p>Prawdziwe pochodzenie, autentyczny smak Mas\u0142o alpejskie jest wytwarzane wed\u0142ug przekazywanej receptury ze \u015bmietany z mleka od kr\u00f3w karmionych sianem &#8211;<\/p>\n","protected":false},"featured_media":1597,"comment_status":"closed","ping_status":"closed","template":"","meta":[],"product_brand":[85],"product_cat":[107],"product_tag":[],"class_list":{"0":"post-1809","1":"product","2":"type-product","3":"status-publish","4":"has-post-thumbnail","6":"product_brand-aromen-der-alpen","7":"product_cat-maslo","9":"first","10":"instock","11":"taxable","12":"shipping-taxable","13":"purchasable","14":"product-type-simple"},"_links":{"self":[{"href":"https:\/\/aromenderalpen.de\/pl\/wp-json\/wp\/v2\/product\/1809","targetHints":{"allow":["GET"]}}],"collection":[{"href":"https:\/\/aromenderalpen.de\/pl\/wp-json\/wp\/v2\/product"}],"about":[{"href":"https:\/\/aromenderalpen.de\/pl\/wp-json\/wp\/v2\/types\/product"}],"replies":[{"embeddable":true,"href":"https:\/\/aromenderalpen.de\/pl\/wp-json\/wp\/v2\/comments?post=1809"}],"wp:featuredmedia":[{"embeddable":true,"href":"https:\/\/aromenderalpen.de\/pl\/wp-json\/wp\/v2\/media\/1597"}],"wp:attachment":[{"href":"https:\/\/aromenderalpen.de\/pl\/wp-json\/wp\/v2\/media?parent=1809"}],"wp:term":[{"taxonomy":"product_brand","embeddable":true,"href":"https:\/\/aromenderalpen.de\/pl\/wp-json\/wp\/v2\/product_brand?post=1809"},{"taxonomy":"product_cat","embeddable":true,"href":"https:\/\/aromenderalpen.de\/pl\/wp-json\/wp\/v2\/product_cat?post=1809"},{"taxonomy":"product_tag","embeddable":true,"href":"https:\/\/aromenderalpen.de\/pl\/wp-json\/wp\/v2\/product_tag?post=1809"}],"curies":[{"name":"wp","href":"https:\/\/api.w.org\/{rel}","templated":true}]}}