{"id":2501,"date":"2025-09-24T12:19:51","date_gmt":"2025-09-24T10:19:51","guid":{"rendered":"https:\/\/aromenderalpen.de\/das-produkt\/linguine\/"},"modified":"2025-09-24T12:19:51","modified_gmt":"2025-09-24T10:19:51","slug":"linguine","status":"publish","type":"product","link":"https:\/\/aromenderalpen.de\/pl\/produkt\/linguine\/","title":{"rendered":"LINGUINE"},"content":{"rendered":"","protected":false},"excerpt":{"rendered":"<p>Wyprodukowane z w\u0142oskiej m\u0105ki z pszenicy durum. Dzi\u0119ki przeci\u0105ganiu przez br\u0105zowe matryce makaron uzyskuje doskona\u0142\u0105 konsystencj\u0119 i chropowato\u015b\u0107. <\/p>\n<p>Idealne do prostych sos\u00f3w z mi\u0119sem, ryb\u0105 i\/lub warzywami.<\/p>\n<p>Gramatura:<br \/>\n500<\/p>\n<p>Czas gotowania:<br \/>\n10<\/p>\n","protected":false},"featured_media":5349,"comment_status":"open","ping_status":"closed","template":"","meta":[],"product_brand":[],"product_cat":[126],"product_tag":[],"class_list":{"0":"post-2501","1":"product","2":"type-product","3":"status-publish","4":"has-post-thumbnail","6":"product_cat-makarony","8":"first","9":"instock","10":"purchasable","11":"product-type-simple"},"_links":{"self":[{"href":"https:\/\/aromenderalpen.de\/pl\/wp-json\/wp\/v2\/product\/2501","targetHints":{"allow":["GET"]}}],"collection":[{"href":"https:\/\/aromenderalpen.de\/pl\/wp-json\/wp\/v2\/product"}],"about":[{"href":"https:\/\/aromenderalpen.de\/pl\/wp-json\/wp\/v2\/types\/product"}],"replies":[{"embeddable":true,"href":"https:\/\/aromenderalpen.de\/pl\/wp-json\/wp\/v2\/comments?post=2501"}],"wp:featuredmedia":[{"embeddable":true,"href":"https:\/\/aromenderalpen.de\/pl\/wp-json\/wp\/v2\/media\/5349"}],"wp:attachment":[{"href":"https:\/\/aromenderalpen.de\/pl\/wp-json\/wp\/v2\/media?parent=2501"}],"wp:term":[{"taxonomy":"product_brand","embeddable":true,"href":"https:\/\/aromenderalpen.de\/pl\/wp-json\/wp\/v2\/product_brand?post=2501"},{"taxonomy":"product_cat","embeddable":true,"href":"https:\/\/aromenderalpen.de\/pl\/wp-json\/wp\/v2\/product_cat?post=2501"},{"taxonomy":"product_tag","embeddable":true,"href":"https:\/\/aromenderalpen.de\/pl\/wp-json\/wp\/v2\/product_tag?post=2501"}],"curies":[{"name":"wp","href":"https:\/\/api.w.org\/{rel}","templated":true}]}}