{"id":2502,"date":"2025-09-24T12:24:21","date_gmt":"2025-09-24T10:24:21","guid":{"rendered":"https:\/\/aromenderalpen.de\/das-produkt\/linguine-z-zarodkami-pszenicy\/"},"modified":"2025-09-24T12:24:21","modified_gmt":"2025-09-24T10:24:21","slug":"linguine-z-zarodkami-pszenicy","status":"publish","type":"product","link":"https:\/\/aromenderalpen.de\/pl\/produkt\/linguine-z-zarodkami-pszenicy\/","title":{"rendered":"LINGUINE Z ZARODKAMI PSZENICY"},"content":{"rendered":"","protected":false},"excerpt":{"rendered":"<p>Wyprodukowane z toska\u0144skiej semoliny z pszenicy durum, r\u0119cznie robione, przeciskane przez matryce z br\u0105zu i suszone w niskiej temperaturze.<br \/>\nTa szczeg\u00f3lna forma makaronu zawiera zarodki pszenicy. Zarodki pszenicy to serce ziarna, bogate w smak i sk\u0142adniki od\u017cywcze. <\/p>\n<p>Zazwyczaj podczas mielenia ziarna zarodki pszenicy s\u0105 usuwane, aby przed\u0142u\u017cy\u0107 trwa\u0142o\u015b\u0107 m\u0105ki.<br \/>\nPastificio Morelli, dzi\u0119ki rzemie\u015blniczej technice, kt\u00f3ra natychmiast przetwarza \u015bwie\u017ce zarodki pszenicy, uda\u0142o si\u0119 ponownie je w\u0142\u0105czy\u0107. Antico Pastificio Morelli od lat wykorzystuje zarodki pszenicy i obecnie produkuje makaron o doskona\u0142ym i niepowtarzalnym smaku.<\/p>\n<p>Podczas gotowania wydziela si\u0119 typowy aromat, a woda lekko zielenieje, co wskazuje na obecno\u015b\u0107 \u015bwie\u017cych zarodk\u00f3w pszenicy.<\/p>\n<p>Idealny do lekkich sos\u00f3w rybnych i\/lub warzywnych.<\/p>\n<p>Gramatura:<br \/>\n500<\/p>\n<p>Czas gotowania:<br \/>\n5\/6<\/p>\n","protected":false},"featured_media":5312,"comment_status":"open","ping_status":"closed","template":"","meta":[],"product_brand":[],"product_cat":[126],"product_tag":[],"class_list":{"0":"post-2502","1":"product","2":"type-product","3":"status-publish","4":"has-post-thumbnail","6":"product_cat-makarony","8":"first","9":"instock","10":"purchasable","11":"product-type-simple"},"_links":{"self":[{"href":"https:\/\/aromenderalpen.de\/pl\/wp-json\/wp\/v2\/product\/2502","targetHints":{"allow":["GET"]}}],"collection":[{"href":"https:\/\/aromenderalpen.de\/pl\/wp-json\/wp\/v2\/product"}],"about":[{"href":"https:\/\/aromenderalpen.de\/pl\/wp-json\/wp\/v2\/types\/product"}],"replies":[{"embeddable":true,"href":"https:\/\/aromenderalpen.de\/pl\/wp-json\/wp\/v2\/comments?post=2502"}],"wp:featuredmedia":[{"embeddable":true,"href":"https:\/\/aromenderalpen.de\/pl\/wp-json\/wp\/v2\/media\/5312"}],"wp:attachment":[{"href":"https:\/\/aromenderalpen.de\/pl\/wp-json\/wp\/v2\/media?parent=2502"}],"wp:term":[{"taxonomy":"product_brand","embeddable":true,"href":"https:\/\/aromenderalpen.de\/pl\/wp-json\/wp\/v2\/product_brand?post=2502"},{"taxonomy":"product_cat","embeddable":true,"href":"https:\/\/aromenderalpen.de\/pl\/wp-json\/wp\/v2\/product_cat?post=2502"},{"taxonomy":"product_tag","embeddable":true,"href":"https:\/\/aromenderalpen.de\/pl\/wp-json\/wp\/v2\/product_tag?post=2502"}],"curies":[{"name":"wp","href":"https:\/\/api.w.org\/{rel}","templated":true}]}}