{"id":2503,"date":"2025-09-24T11:42:28","date_gmt":"2025-09-24T09:42:28","guid":{"rendered":"https:\/\/aromenderalpen.de\/das-produkt\/pici-a-matassa\/"},"modified":"2025-09-24T11:42:28","modified_gmt":"2025-09-24T09:42:28","slug":"pici-a-matassa","status":"publish","type":"product","link":"https:\/\/aromenderalpen.de\/pl\/produkt\/pici-a-matassa\/","title":{"rendered":"PICI A MATASSA"},"content":{"rendered":"","protected":false},"excerpt":{"rendered":"<p>Typowy toska\u0144ski format, r\u0119cznie robiony, ci\u0105gniony na br\u0105zie i produkowany z w\u0142oskiej m\u0105ki z pszenicy durum, suszony w niskiej temperaturze.<\/p>\n<p>Idealnie nadaj\u0105 si\u0119 do wst\u0119pnego gotowania, nie sklejaj\u0105 si\u0119 i nie rozpadaj\u0105, nawet gdy s\u0105 podawane i utrzymywane w cieple przez kilka godzin.<\/p>\n<p>Makaron o grubo\u015bci 2,5 mm w stanie suchym i stosunkowo kr\u00f3tki, idealnie nadaje si\u0119 do u\u017cycia podczas bankiet\u00f3w.<br \/>\nAby uzyska\u0107 optymalny rezultat gotowania, zaleca si\u0119 gotowanie makaronu w du\u017cej ilo\u015bci wody i mieszanie dopiero po 12 minutach, aby unikn\u0105\u0107 jego \u0142amania. Ca\u0142kowity czas gotowania wynosi 22 minuty.<\/p>\n","protected":false},"featured_media":5308,"comment_status":"open","ping_status":"closed","template":"","meta":[],"product_brand":[],"product_cat":[126],"product_tag":[],"class_list":{"0":"post-2503","1":"product","2":"type-product","3":"status-publish","4":"has-post-thumbnail","6":"product_cat-makarony","8":"first","9":"instock","10":"purchasable","11":"product-type-simple"},"_links":{"self":[{"href":"https:\/\/aromenderalpen.de\/pl\/wp-json\/wp\/v2\/product\/2503","targetHints":{"allow":["GET"]}}],"collection":[{"href":"https:\/\/aromenderalpen.de\/pl\/wp-json\/wp\/v2\/product"}],"about":[{"href":"https:\/\/aromenderalpen.de\/pl\/wp-json\/wp\/v2\/types\/product"}],"replies":[{"embeddable":true,"href":"https:\/\/aromenderalpen.de\/pl\/wp-json\/wp\/v2\/comments?post=2503"}],"wp:featuredmedia":[{"embeddable":true,"href":"https:\/\/aromenderalpen.de\/pl\/wp-json\/wp\/v2\/media\/5308"}],"wp:attachment":[{"href":"https:\/\/aromenderalpen.de\/pl\/wp-json\/wp\/v2\/media?parent=2503"}],"wp:term":[{"taxonomy":"product_brand","embeddable":true,"href":"https:\/\/aromenderalpen.de\/pl\/wp-json\/wp\/v2\/product_brand?post=2503"},{"taxonomy":"product_cat","embeddable":true,"href":"https:\/\/aromenderalpen.de\/pl\/wp-json\/wp\/v2\/product_cat?post=2503"},{"taxonomy":"product_tag","embeddable":true,"href":"https:\/\/aromenderalpen.de\/pl\/wp-json\/wp\/v2\/product_tag?post=2503"}],"curies":[{"name":"wp","href":"https:\/\/api.w.org\/{rel}","templated":true}]}}