{"id":2504,"date":"2025-09-23T14:21:01","date_gmt":"2025-09-23T12:21:01","guid":{"rendered":"https:\/\/aromenderalpen.de\/das-produkt\/fregula-tostata\/"},"modified":"2025-09-24T13:33:43","modified_gmt":"2025-09-24T11:33:43","slug":"fregula-tostata","status":"publish","type":"product","link":"https:\/\/aromenderalpen.de\/pl\/produkt\/fregula-tostata\/","title":{"rendered":"FREGULA TOSTATA"},"content":{"rendered":"","protected":false},"excerpt":{"rendered":"<p>Typowy sardy\u0144ski makaron pra\u017cony. Wykonany z w\u0142oskiej semoliny z pszenicy durum, r\u0119cznie robiony, ci\u0105gni\u0119ty na br\u0105zie i suszony w niskiej temperaturze. Idealny zar\u00f3wno do ciep\u0142ych da\u0144 z ma\u0142\u017cami i\/lub risotto z salsiccia (kie\u0142bas\u0105), jak i do zimnych da\u0144 z warzywami i rybami.<\/p>\n<p>Gramatura:<br \/>\n500<\/p>\n<p>Czas gotowania:<br \/>\n12<\/p>\n","protected":false},"featured_media":5320,"comment_status":"open","ping_status":"closed","template":"","meta":[],"product_brand":[],"product_cat":[126],"product_tag":[],"class_list":{"0":"post-2504","1":"product","2":"type-product","3":"status-publish","4":"has-post-thumbnail","6":"product_cat-makarony","8":"first","9":"instock","10":"shipping-taxable","11":"purchasable","12":"product-type-simple"},"_links":{"self":[{"href":"https:\/\/aromenderalpen.de\/pl\/wp-json\/wp\/v2\/product\/2504","targetHints":{"allow":["GET"]}}],"collection":[{"href":"https:\/\/aromenderalpen.de\/pl\/wp-json\/wp\/v2\/product"}],"about":[{"href":"https:\/\/aromenderalpen.de\/pl\/wp-json\/wp\/v2\/types\/product"}],"replies":[{"embeddable":true,"href":"https:\/\/aromenderalpen.de\/pl\/wp-json\/wp\/v2\/comments?post=2504"}],"wp:featuredmedia":[{"embeddable":true,"href":"https:\/\/aromenderalpen.de\/pl\/wp-json\/wp\/v2\/media\/5320"}],"wp:attachment":[{"href":"https:\/\/aromenderalpen.de\/pl\/wp-json\/wp\/v2\/media?parent=2504"}],"wp:term":[{"taxonomy":"product_brand","embeddable":true,"href":"https:\/\/aromenderalpen.de\/pl\/wp-json\/wp\/v2\/product_brand?post=2504"},{"taxonomy":"product_cat","embeddable":true,"href":"https:\/\/aromenderalpen.de\/pl\/wp-json\/wp\/v2\/product_cat?post=2504"},{"taxonomy":"product_tag","embeddable":true,"href":"https:\/\/aromenderalpen.de\/pl\/wp-json\/wp\/v2\/product_tag?post=2504"}],"curies":[{"name":"wp","href":"https:\/\/api.w.org\/{rel}","templated":true}]}}