{"id":2506,"date":"2025-09-23T14:18:40","date_gmt":"2025-09-23T12:18:40","guid":{"rendered":"https:\/\/aromenderalpen.de\/das-produkt\/croxetti\/"},"modified":"2025-09-29T09:29:10","modified_gmt":"2025-09-29T07:29:10","slug":"croxetti","status":"publish","type":"product","link":"https:\/\/aromenderalpen.de\/pl\/produkt\/croxetti\/","title":{"rendered":"CROXETTI"},"content":{"rendered":"","protected":false},"excerpt":{"rendered":"<p>Typowy makaron genue\u0144ski.<\/p>\n<p>Wykonany z w\u0142oskiej m\u0105ki z pszenicy durum, r\u0119cznie robiony i suszony w niskiej temperaturze. Dzi\u0119ki wyj\u0105tkowo p\u0142askiemu i okr\u0105g\u0142emu kszta\u0142towi idealnie nadaje si\u0119 do prostych da\u0144 z pesto, mas\u0142em i sza\u0142wi\u0105 lub gorgonzol\u0105. <\/p>\n<p>Gramatura:<br \/>\n500<\/p>\n<p>Czas gotowania:<br \/>\n9-10<\/p>\n","protected":false},"featured_media":5318,"comment_status":"open","ping_status":"closed","template":"","meta":[],"product_brand":[],"product_cat":[126],"product_tag":[],"class_list":{"0":"post-2506","1":"product","2":"type-product","3":"status-publish","4":"has-post-thumbnail","6":"product_cat-makarony","8":"first","9":"instock","10":"purchasable","11":"product-type-simple"},"_links":{"self":[{"href":"https:\/\/aromenderalpen.de\/pl\/wp-json\/wp\/v2\/product\/2506","targetHints":{"allow":["GET"]}}],"collection":[{"href":"https:\/\/aromenderalpen.de\/pl\/wp-json\/wp\/v2\/product"}],"about":[{"href":"https:\/\/aromenderalpen.de\/pl\/wp-json\/wp\/v2\/types\/product"}],"replies":[{"embeddable":true,"href":"https:\/\/aromenderalpen.de\/pl\/wp-json\/wp\/v2\/comments?post=2506"}],"wp:featuredmedia":[{"embeddable":true,"href":"https:\/\/aromenderalpen.de\/pl\/wp-json\/wp\/v2\/media\/5318"}],"wp:attachment":[{"href":"https:\/\/aromenderalpen.de\/pl\/wp-json\/wp\/v2\/media?parent=2506"}],"wp:term":[{"taxonomy":"product_brand","embeddable":true,"href":"https:\/\/aromenderalpen.de\/pl\/wp-json\/wp\/v2\/product_brand?post=2506"},{"taxonomy":"product_cat","embeddable":true,"href":"https:\/\/aromenderalpen.de\/pl\/wp-json\/wp\/v2\/product_cat?post=2506"},{"taxonomy":"product_tag","embeddable":true,"href":"https:\/\/aromenderalpen.de\/pl\/wp-json\/wp\/v2\/product_tag?post=2506"}],"curies":[{"name":"wp","href":"https:\/\/api.w.org\/{rel}","templated":true}]}}