{"id":2507,"date":"2025-09-23T14:09:06","date_gmt":"2025-09-23T12:09:06","guid":{"rendered":"https:\/\/aromenderalpen.de\/das-produkt\/bigoli\/"},"modified":"2026-01-11T20:05:04","modified_gmt":"2026-01-11T19:05:04","slug":"bigoli","status":"publish","type":"product","link":"https:\/\/aromenderalpen.de\/pl\/produkt\/bigoli\/","title":{"rendered":"BIGOLI"},"content":{"rendered":"","protected":false},"excerpt":{"rendered":"<p>Typowy format dla regionu Wenecji, wyprodukowany z w\u0142oskiej m\u0105ki z pszenicy durum, r\u0119cznie robiony, przeci\u0105gany przez matryce z br\u0105zu i suszony w niskiej temperaturze.<\/p>\n<p>Idealnie nadaj\u0105 si\u0119 do wst\u0119pnego gotowania, nie sklejaj\u0105 si\u0119 i nie rozpadaj\u0105, nawet gdy s\u0105 podawane i utrzymywane w cieple przez kilka godzin.<\/p>\n<p>Te kr\u00f3tkie kluski o grubo\u015bci 2,5 mm (po wysuszeniu) idealnie nadaj\u0105 si\u0119 na bankiety.<br \/>\nAby uzyska\u0107 optymalny efekt gotowania, zaleca si\u0119 gotowa\u0107 kluski w du\u017cej ilo\u015bci wody i miesza\u0107 dopiero po 12 minutach, aby unikn\u0105\u0107 ich z\u0142amania. Ca\u0142kowity czas gotowania wynosi 22 minuty.<\/p>\n","protected":false},"featured_media":5310,"comment_status":"open","ping_status":"closed","template":"","meta":[],"product_brand":[],"product_cat":[126],"product_tag":[],"class_list":{"0":"post-2507","1":"product","2":"type-product","3":"status-publish","4":"has-post-thumbnail","6":"product_cat-makarony","8":"first","9":"instock","10":"purchasable","11":"product-type-simple"},"_links":{"self":[{"href":"https:\/\/aromenderalpen.de\/pl\/wp-json\/wp\/v2\/product\/2507","targetHints":{"allow":["GET"]}}],"collection":[{"href":"https:\/\/aromenderalpen.de\/pl\/wp-json\/wp\/v2\/product"}],"about":[{"href":"https:\/\/aromenderalpen.de\/pl\/wp-json\/wp\/v2\/types\/product"}],"replies":[{"embeddable":true,"href":"https:\/\/aromenderalpen.de\/pl\/wp-json\/wp\/v2\/comments?post=2507"}],"wp:featuredmedia":[{"embeddable":true,"href":"https:\/\/aromenderalpen.de\/pl\/wp-json\/wp\/v2\/media\/5310"}],"wp:attachment":[{"href":"https:\/\/aromenderalpen.de\/pl\/wp-json\/wp\/v2\/media?parent=2507"}],"wp:term":[{"taxonomy":"product_brand","embeddable":true,"href":"https:\/\/aromenderalpen.de\/pl\/wp-json\/wp\/v2\/product_brand?post=2507"},{"taxonomy":"product_cat","embeddable":true,"href":"https:\/\/aromenderalpen.de\/pl\/wp-json\/wp\/v2\/product_cat?post=2507"},{"taxonomy":"product_tag","embeddable":true,"href":"https:\/\/aromenderalpen.de\/pl\/wp-json\/wp\/v2\/product_tag?post=2507"}],"curies":[{"name":"wp","href":"https:\/\/api.w.org\/{rel}","templated":true}]}}