{"id":2508,"date":"2025-09-23T14:12:41","date_gmt":"2025-09-23T12:12:41","guid":{"rendered":"https:\/\/aromenderalpen.de\/das-produkt\/trofie\/"},"modified":"2025-09-29T09:28:41","modified_gmt":"2025-09-29T07:28:41","slug":"trofie","status":"publish","type":"product","link":"https:\/\/aromenderalpen.de\/pl\/produkt\/trofie\/","title":{"rendered":"TROFIE"},"content":{"rendered":"","protected":false},"excerpt":{"rendered":"<p>Typowy liguryjski makaron, wytwarzany z w\u0142oskiej semoliny z pszenicy durum, formowany r\u0119cznie, przeciskany przez br\u0105zowe matryce i suszony w niskich temperaturach. Idealny do prostych sos\u00f3w z pesto, mi\u0119sem, rybami i\/lub warzywami. <\/p>\n<p>Gramatura: 500<\/p>\n<p>Czas gotowania: 15\/16 minut<\/p>\n","protected":false},"featured_media":5328,"comment_status":"open","ping_status":"closed","template":"","meta":[],"product_brand":[],"product_cat":[126],"product_tag":[],"class_list":{"0":"post-2508","1":"product","2":"type-product","3":"status-publish","4":"has-post-thumbnail","6":"product_cat-makarony","8":"first","9":"instock","10":"purchasable","11":"product-type-simple"},"_links":{"self":[{"href":"https:\/\/aromenderalpen.de\/pl\/wp-json\/wp\/v2\/product\/2508","targetHints":{"allow":["GET"]}}],"collection":[{"href":"https:\/\/aromenderalpen.de\/pl\/wp-json\/wp\/v2\/product"}],"about":[{"href":"https:\/\/aromenderalpen.de\/pl\/wp-json\/wp\/v2\/types\/product"}],"replies":[{"embeddable":true,"href":"https:\/\/aromenderalpen.de\/pl\/wp-json\/wp\/v2\/comments?post=2508"}],"wp:featuredmedia":[{"embeddable":true,"href":"https:\/\/aromenderalpen.de\/pl\/wp-json\/wp\/v2\/media\/5328"}],"wp:attachment":[{"href":"https:\/\/aromenderalpen.de\/pl\/wp-json\/wp\/v2\/media?parent=2508"}],"wp:term":[{"taxonomy":"product_brand","embeddable":true,"href":"https:\/\/aromenderalpen.de\/pl\/wp-json\/wp\/v2\/product_brand?post=2508"},{"taxonomy":"product_cat","embeddable":true,"href":"https:\/\/aromenderalpen.de\/pl\/wp-json\/wp\/v2\/product_cat?post=2508"},{"taxonomy":"product_tag","embeddable":true,"href":"https:\/\/aromenderalpen.de\/pl\/wp-json\/wp\/v2\/product_tag?post=2508"}],"curies":[{"name":"wp","href":"https:\/\/api.w.org\/{rel}","templated":true}]}}