{"id":2509,"date":"2025-09-23T14:05:50","date_gmt":"2025-09-23T12:05:50","guid":{"rendered":"https:\/\/aromenderalpen.de\/das-produkt\/busiate\/"},"modified":"2025-09-23T14:05:50","modified_gmt":"2025-09-23T12:05:50","slug":"busiate","status":"publish","type":"product","link":"https:\/\/aromenderalpen.de\/pl\/produkt\/busiate\/","title":{"rendered":"BUSIATE"},"content":{"rendered":"","protected":false},"excerpt":{"rendered":"<p>D\u0142ugi i cienki makaron zwini\u0119ty w spiral\u0119, wytwarzany za pomoc\u0105 specjalnej maszyny. Wykonany z toska\u0144skiej m\u0105ki z pszenicy durum, r\u0119cznie robiony, przeci\u0105gany przez matryce z br\u0105zu i suszony w niskiej temperaturze. <\/p>\n<p>Format o bardzo porowatej powierzchni, przypominaj\u0105cy makaron domowej roboty, kt\u00f3ry dobrze wch\u0142ania sosy, optymalizuj\u0105c smak da\u0144 makaronowych. Idealny r\u00f3wnie\u017c do wst\u0119pnego gotowania, nie rozpada si\u0119 i nie skleja podczas przebywania na patelni. Doskona\u0142y z pesto lub anchois i bu\u0142k\u0105 tart\u0105.  <\/p>\n<p>Gramatura:<br \/>\n500<\/p>\n<p>Czas gotowania:<br \/>\n11<\/p>\n","protected":false},"featured_media":5316,"comment_status":"open","ping_status":"closed","template":"","meta":[],"product_brand":[],"product_cat":[126],"product_tag":[],"class_list":{"0":"post-2509","1":"product","2":"type-product","3":"status-publish","4":"has-post-thumbnail","6":"product_cat-makarony","8":"first","9":"instock","10":"purchasable","11":"product-type-simple"},"_links":{"self":[{"href":"https:\/\/aromenderalpen.de\/pl\/wp-json\/wp\/v2\/product\/2509","targetHints":{"allow":["GET"]}}],"collection":[{"href":"https:\/\/aromenderalpen.de\/pl\/wp-json\/wp\/v2\/product"}],"about":[{"href":"https:\/\/aromenderalpen.de\/pl\/wp-json\/wp\/v2\/types\/product"}],"replies":[{"embeddable":true,"href":"https:\/\/aromenderalpen.de\/pl\/wp-json\/wp\/v2\/comments?post=2509"}],"wp:featuredmedia":[{"embeddable":true,"href":"https:\/\/aromenderalpen.de\/pl\/wp-json\/wp\/v2\/media\/5316"}],"wp:attachment":[{"href":"https:\/\/aromenderalpen.de\/pl\/wp-json\/wp\/v2\/media?parent=2509"}],"wp:term":[{"taxonomy":"product_brand","embeddable":true,"href":"https:\/\/aromenderalpen.de\/pl\/wp-json\/wp\/v2\/product_brand?post=2509"},{"taxonomy":"product_cat","embeddable":true,"href":"https:\/\/aromenderalpen.de\/pl\/wp-json\/wp\/v2\/product_cat?post=2509"},{"taxonomy":"product_tag","embeddable":true,"href":"https:\/\/aromenderalpen.de\/pl\/wp-json\/wp\/v2\/product_tag?post=2509"}],"curies":[{"name":"wp","href":"https:\/\/api.w.org\/{rel}","templated":true}]}}