{"id":2510,"date":"2025-09-23T14:03:12","date_gmt":"2025-09-23T12:03:12","guid":{"rendered":"https:\/\/aromenderalpen.de\/das-produkt\/gigli\/"},"modified":"2025-09-24T13:35:17","modified_gmt":"2025-09-24T11:35:17","slug":"gigli","status":"publish","type":"product","link":"https:\/\/aromenderalpen.de\/pl\/produkt\/gigli\/","title":{"rendered":"GIGLI"},"content":{"rendered":"","protected":false},"excerpt":{"rendered":"<p>Wyprodukowano z toska\u0144skiej semoliny z pszenicy durum, r\u0119cznie robione, przeci\u0105gane przez br\u0105z i suszone w niskiej temperaturze.<br \/>\n Dzi\u0119ki kr\u00f3tkiemu czasowi gotowania (4 minuty) idealnie nadaj\u0105 si\u0119 do szybkich da\u0144, w po\u0142\u0105czeniu z warzywami lub sosami mi\u0119snymi, takimi jak boczek i karczochy.<\/p>\n<p>Gramatura:<br \/>\n500<\/p>\n<p>Czas gotowania:<br \/>\n4<\/p>\n","protected":false},"featured_media":5314,"comment_status":"open","ping_status":"closed","template":"","meta":[],"product_brand":[],"product_cat":[126],"product_tag":[],"class_list":{"0":"post-2510","1":"product","2":"type-product","3":"status-publish","4":"has-post-thumbnail","6":"product_cat-makarony","8":"first","9":"instock","10":"purchasable","11":"product-type-simple"},"_links":{"self":[{"href":"https:\/\/aromenderalpen.de\/pl\/wp-json\/wp\/v2\/product\/2510","targetHints":{"allow":["GET"]}}],"collection":[{"href":"https:\/\/aromenderalpen.de\/pl\/wp-json\/wp\/v2\/product"}],"about":[{"href":"https:\/\/aromenderalpen.de\/pl\/wp-json\/wp\/v2\/types\/product"}],"replies":[{"embeddable":true,"href":"https:\/\/aromenderalpen.de\/pl\/wp-json\/wp\/v2\/comments?post=2510"}],"wp:featuredmedia":[{"embeddable":true,"href":"https:\/\/aromenderalpen.de\/pl\/wp-json\/wp\/v2\/media\/5314"}],"wp:attachment":[{"href":"https:\/\/aromenderalpen.de\/pl\/wp-json\/wp\/v2\/media?parent=2510"}],"wp:term":[{"taxonomy":"product_brand","embeddable":true,"href":"https:\/\/aromenderalpen.de\/pl\/wp-json\/wp\/v2\/product_brand?post=2510"},{"taxonomy":"product_cat","embeddable":true,"href":"https:\/\/aromenderalpen.de\/pl\/wp-json\/wp\/v2\/product_cat?post=2510"},{"taxonomy":"product_tag","embeddable":true,"href":"https:\/\/aromenderalpen.de\/pl\/wp-json\/wp\/v2\/product_tag?post=2510"}],"curies":[{"name":"wp","href":"https:\/\/api.w.org\/{rel}","templated":true}]}}