{"id":2511,"date":"2025-09-23T13:56:06","date_gmt":"2025-09-23T11:56:06","guid":{"rendered":"https:\/\/aromenderalpen.de\/das-produkt\/pappardelle-z-zarodkiem-pszenicy\/"},"modified":"2025-09-23T13:56:06","modified_gmt":"2025-09-23T11:56:06","slug":"pappardelle-z-zarodkiem-pszenicy","status":"publish","type":"product","link":"https:\/\/aromenderalpen.de\/pl\/produkt\/pappardelle-z-zarodkiem-pszenicy\/","title":{"rendered":"PAPPARDELLE Z ZARODKIEM PSZENICY"},"content":{"rendered":"","protected":false},"excerpt":{"rendered":"<p>Typowy toska\u0144ski makaron, podobny do tagliatelle, ale o szeroko\u015bci 1,5 cm.<\/p>\n<p>Wykonane z toska\u0144skiej m\u0105ki z pszenicy durum, r\u0119cznie robione, przeci\u0105gane przez matryce z br\u0105zu i suszone w niskiej temperaturze.<br \/>\nTen szczeg\u00f3lny rodzaj makaronu zawiera zarodek pszenny. Zarodek pszenny to serce ziarna, bogate w smak i sk\u0142adniki od\u017cywcze. Zwykle podczas mielenia ziarna zarodek pszenny jest usuwany, aby przed\u0142u\u017cy\u0107 trwa\u0142o\u015b\u0107 m\u0105ki.  <\/p>\n<p>Pastificio Morelli uda\u0142o si\u0119 ponownie wprowadzi\u0107 zarodek pszenny dzi\u0119ki rzemie\u015blniczej technice, kt\u00f3ra natychmiast przetwarza \u015bwie\u017cy zarodek. Antico Pastificio Morelli od lat u\u017cywa zarodka pszennego i teraz produkuje makaron o doskona\u0142ym i charakterystycznym smaku. Podczas gotowania powstaje typowy aromat, a woda lekko zielenieje, co wskazuje na obecno\u015b\u0107 \u015bwie\u017cego zarodka pszennego.<\/p>\n<p>Ze swoim wy\u015bmienitym pszenicznym smakiem s\u0105 idealne do szybkiego gotowania, w po\u0142\u0105czeniu z tradycyjnymi sosami mi\u0119snymi, nawet bez pomidor\u00f3w.<\/p>\n<p>Gramatura:<br \/>\n500<\/p>\n<p>Czas gotowania:<br \/>\n5\/6<\/p>\n","protected":false},"featured_media":5341,"comment_status":"open","ping_status":"closed","template":"","meta":[],"product_brand":[],"product_cat":[126],"product_tag":[],"class_list":{"0":"post-2511","1":"product","2":"type-product","3":"status-publish","4":"has-post-thumbnail","6":"product_cat-makarony","8":"first","9":"instock","10":"taxable","11":"shipping-taxable","12":"purchasable","13":"product-type-simple"},"_links":{"self":[{"href":"https:\/\/aromenderalpen.de\/pl\/wp-json\/wp\/v2\/product\/2511","targetHints":{"allow":["GET"]}}],"collection":[{"href":"https:\/\/aromenderalpen.de\/pl\/wp-json\/wp\/v2\/product"}],"about":[{"href":"https:\/\/aromenderalpen.de\/pl\/wp-json\/wp\/v2\/types\/product"}],"replies":[{"embeddable":true,"href":"https:\/\/aromenderalpen.de\/pl\/wp-json\/wp\/v2\/comments?post=2511"}],"wp:featuredmedia":[{"embeddable":true,"href":"https:\/\/aromenderalpen.de\/pl\/wp-json\/wp\/v2\/media\/5341"}],"wp:attachment":[{"href":"https:\/\/aromenderalpen.de\/pl\/wp-json\/wp\/v2\/media?parent=2511"}],"wp:term":[{"taxonomy":"product_brand","embeddable":true,"href":"https:\/\/aromenderalpen.de\/pl\/wp-json\/wp\/v2\/product_brand?post=2511"},{"taxonomy":"product_cat","embeddable":true,"href":"https:\/\/aromenderalpen.de\/pl\/wp-json\/wp\/v2\/product_cat?post=2511"},{"taxonomy":"product_tag","embeddable":true,"href":"https:\/\/aromenderalpen.de\/pl\/wp-json\/wp\/v2\/product_tag?post=2511"}],"curies":[{"name":"wp","href":"https:\/\/api.w.org\/{rel}","templated":true}]}}