{"id":2514,"date":"2025-09-23T13:14:27","date_gmt":"2025-09-23T11:14:27","guid":{"rendered":"https:\/\/aromenderalpen.de\/das-produkt\/paccheri-z-kielkami-pszenicy\/"},"modified":"2025-09-23T13:14:27","modified_gmt":"2025-09-23T11:14:27","slug":"paccheri-z-kielkami-pszenicy","status":"publish","type":"product","link":"https:\/\/aromenderalpen.de\/pl\/produkt\/paccheri-z-kielkami-pszenicy\/","title":{"rendered":"PACCHERI Z KIE\u0141KAMI PSZENICY"},"content":{"rendered":"","protected":false},"excerpt":{"rendered":"<p>Wykonane z toska\u0144skiej m\u0105ki z pszenicy durum, r\u0119cznie robione, przeci\u0105gane przez matryce z br\u0105zu i suszone w niskiej temperaturze.<br \/>\nTen szczeg\u00f3lny rodzaj makaronu zawiera zarodek pszenny. Zarodek pszenny to serce ziarna, bogate w smak i sk\u0142adniki od\u017cywcze. Zwykle podczas mielenia ziarna zarodek pszenny jest usuwany, aby przed\u0142u\u017cy\u0107 trwa\u0142o\u015b\u0107 m\u0105ki.  <\/p>\n<p>Pastificio Morelli uda\u0142o si\u0119 ponownie wprowadzi\u0107 zarodek pszenny dzi\u0119ki rzemie\u015blniczej technice, kt\u00f3ra natychmiast przetwarza \u015bwie\u017cy zarodek. Antico Pastificio Morelli od lat u\u017cywa zarodka pszennego i teraz produkuje makaron o doskona\u0142ym i charakterystycznym smaku. Podczas gotowania powstaje typowy aromat, a woda lekko zielenieje, co wskazuje na obecno\u015b\u0107 \u015bwie\u017cego zarodka pszennego.<\/p>\n<p>Czas gotowania wynosi tylko 7 minut.<\/p>\n<p>Idealne do wszystkich lekkich sos\u00f3w.<\/p>\n","protected":false},"featured_media":5324,"comment_status":"open","ping_status":"closed","template":"","meta":[],"product_brand":[],"product_cat":[126],"product_tag":[],"class_list":{"0":"post-2514","1":"product","2":"type-product","3":"status-publish","4":"has-post-thumbnail","6":"product_cat-makarony","8":"first","9":"instock","10":"purchasable","11":"product-type-simple"},"_links":{"self":[{"href":"https:\/\/aromenderalpen.de\/pl\/wp-json\/wp\/v2\/product\/2514","targetHints":{"allow":["GET"]}}],"collection":[{"href":"https:\/\/aromenderalpen.de\/pl\/wp-json\/wp\/v2\/product"}],"about":[{"href":"https:\/\/aromenderalpen.de\/pl\/wp-json\/wp\/v2\/types\/product"}],"replies":[{"embeddable":true,"href":"https:\/\/aromenderalpen.de\/pl\/wp-json\/wp\/v2\/comments?post=2514"}],"wp:featuredmedia":[{"embeddable":true,"href":"https:\/\/aromenderalpen.de\/pl\/wp-json\/wp\/v2\/media\/5324"}],"wp:attachment":[{"href":"https:\/\/aromenderalpen.de\/pl\/wp-json\/wp\/v2\/media?parent=2514"}],"wp:term":[{"taxonomy":"product_brand","embeddable":true,"href":"https:\/\/aromenderalpen.de\/pl\/wp-json\/wp\/v2\/product_brand?post=2514"},{"taxonomy":"product_cat","embeddable":true,"href":"https:\/\/aromenderalpen.de\/pl\/wp-json\/wp\/v2\/product_cat?post=2514"},{"taxonomy":"product_tag","embeddable":true,"href":"https:\/\/aromenderalpen.de\/pl\/wp-json\/wp\/v2\/product_tag?post=2514"}],"curies":[{"name":"wp","href":"https:\/\/api.w.org\/{rel}","templated":true}]}}