{"id":2515,"date":"2025-09-23T13:08:06","date_gmt":"2025-09-23T11:08:06","guid":{"rendered":"https:\/\/aromenderalpen.de\/das-produkt\/spaghetti-z-kielkami-pszenicy\/"},"modified":"2025-09-23T13:08:06","modified_gmt":"2025-09-23T11:08:06","slug":"spaghetti-z-kielkami-pszenicy","status":"publish","type":"product","link":"https:\/\/aromenderalpen.de\/pl\/produkt\/spaghetti-z-kielkami-pszenicy\/","title":{"rendered":"SPAGHETTI Z KIE\u0141KAMI PSZENICY"},"content":{"rendered":"","protected":false},"excerpt":{"rendered":"<p>Wyprodukowane z toska\u0144skiej m\u0105ki z pszenicy durum, robione r\u0119cznie, wyciskane przez matryce z br\u0105zu i suszone w niskiej temperaturze.<br \/>\nten szczeg\u00f3lny kszta\u0142t makaronu zawiera zarodek pszenny. Zarodek pszenny to serce ziarna, bogate w smak i sk\u0142adniki od\u017cywcze. Zazwyczaj podczas mielenia ziarna zarodek pszenny jest usuwany, aby przed\u0142u\u017cy\u0107 trwa\u0142o\u015b\u0107 m\u0105ki.<\/p>\n<p>Pastificio Morelli uda\u0142o si\u0119 ponownie wprowadzi\u0107 zarodek pszenny dzi\u0119ki rzemie\u015blniczej technice, kt\u00f3ra natychmiast przetwarza \u015bwie\u017cy zarodek. Antico Pastificio Morelli od lat u\u017cywa zarodka pszennego i teraz produkuje makaron o doskona\u0142ym i charakterystycznym smaku. Podczas gotowania powstaje typowy aromat, a woda lekko zielenieje, co wskazuje na obecno\u015b\u0107 \u015bwie\u017cego zarodka pszennego.<\/p>\n<p>Maj\u0105 czas gotowania tylko 8 minut, porowat\u0105 powierzchni\u0119 i s\u0105 konsystentne oraz smaczne.<\/p>\n<p>Idealny do lekkich sos\u00f3w rybnych i\/lub warzywnych.<\/p>\n<p>Gramatura:<br \/>\n500<\/p>\n<p>Minuty gotowania:<br \/>\n8<\/p>\n","protected":false},"featured_media":5322,"comment_status":"open","ping_status":"closed","template":"","meta":[],"product_brand":[],"product_cat":[126],"product_tag":[],"class_list":{"0":"post-2515","1":"product","2":"type-product","3":"status-publish","4":"has-post-thumbnail","6":"product_cat-makarony","8":"first","9":"instock","10":"purchasable","11":"product-type-simple"},"_links":{"self":[{"href":"https:\/\/aromenderalpen.de\/pl\/wp-json\/wp\/v2\/product\/2515","targetHints":{"allow":["GET"]}}],"collection":[{"href":"https:\/\/aromenderalpen.de\/pl\/wp-json\/wp\/v2\/product"}],"about":[{"href":"https:\/\/aromenderalpen.de\/pl\/wp-json\/wp\/v2\/types\/product"}],"replies":[{"embeddable":true,"href":"https:\/\/aromenderalpen.de\/pl\/wp-json\/wp\/v2\/comments?post=2515"}],"wp:featuredmedia":[{"embeddable":true,"href":"https:\/\/aromenderalpen.de\/pl\/wp-json\/wp\/v2\/media\/5322"}],"wp:attachment":[{"href":"https:\/\/aromenderalpen.de\/pl\/wp-json\/wp\/v2\/media?parent=2515"}],"wp:term":[{"taxonomy":"product_brand","embeddable":true,"href":"https:\/\/aromenderalpen.de\/pl\/wp-json\/wp\/v2\/product_brand?post=2515"},{"taxonomy":"product_cat","embeddable":true,"href":"https:\/\/aromenderalpen.de\/pl\/wp-json\/wp\/v2\/product_cat?post=2515"},{"taxonomy":"product_tag","embeddable":true,"href":"https:\/\/aromenderalpen.de\/pl\/wp-json\/wp\/v2\/product_tag?post=2515"}],"curies":[{"name":"wp","href":"https:\/\/api.w.org\/{rel}","templated":true}]}}