{"id":2518,"date":"2025-09-23T12:55:29","date_gmt":"2025-09-23T10:55:29","guid":{"rendered":"https:\/\/aromenderalpen.de\/das-produkt\/tortiglioni-z-zarodkami-pszenicy\/"},"modified":"2025-09-23T12:55:29","modified_gmt":"2025-09-23T10:55:29","slug":"tortiglioni-z-zarodkami-pszenicy","status":"publish","type":"product","link":"https:\/\/aromenderalpen.de\/pl\/produkt\/tortiglioni-z-zarodkami-pszenicy\/","title":{"rendered":"TORTIGLIONI Z ZARODKAMI PSZENICY"},"content":{"rendered":"","protected":false},"excerpt":{"rendered":"<p>Tortiglioni to rodzaj makaronu. \u201eTortiglione\u201d to wz\u00f3r typowy dla tokarki, z charakterystycznymi spiralnymi rowkami. <\/p>\n<p>Wykonane z toska\u0144skiej m\u0105ki z pszenicy durum, r\u0119cznie robione, przeci\u0105gane przez matryce z br\u0105zu i suszone w niskiej temperaturze.<br \/>\nTen szczeg\u00f3lny rodzaj makaronu zawiera zarodek pszenny. Zarodek pszenny to serce ziarna, bogate w smak i sk\u0142adniki od\u017cywcze. Zwykle podczas mielenia ziarna zarodek pszenny jest usuwany, aby przed\u0142u\u017cy\u0107 trwa\u0142o\u015b\u0107 m\u0105ki.  <\/p>\n<p>Dzi\u0119ki rzemie\u015blniczej technice, kt\u00f3ra natychmiast przetwarza \u015bwie\u017ce zarodki pszenicy, Pastificio Morelli uda\u0142o si\u0119 ponownie je doda\u0107. Antico Pastificio Morelli od lat u\u017cywa zarodk\u00f3w pszenicy i obecnie produkuje makaron o doskona\u0142ym i niepowtarzalnym smaku. Podczas gotowania powstaje typowy zapach, a woda lekko si\u0119 zieleni, co wskazuje na obecno\u015b\u0107 \u015bwie\u017cych zarodk\u00f3w pszenicy.<br \/>\n Maj\u0105 doskona\u0142\u0105 konsystencj\u0119 i idealnie pasuj\u0105 do prostych sos\u00f3w.<\/p>\n<p>Gramatura:<br \/>\n500<\/p>\n<p>Czas gotowania:<br \/>\n 9 minut<\/p>\n","protected":false},"featured_media":5345,"comment_status":"open","ping_status":"closed","template":"","meta":[],"product_brand":[],"product_cat":[126],"product_tag":[],"class_list":{"0":"post-2518","1":"product","2":"type-product","3":"status-publish","4":"has-post-thumbnail","6":"product_cat-makarony","8":"first","9":"instock","10":"purchasable","11":"product-type-simple"},"_links":{"self":[{"href":"https:\/\/aromenderalpen.de\/pl\/wp-json\/wp\/v2\/product\/2518","targetHints":{"allow":["GET"]}}],"collection":[{"href":"https:\/\/aromenderalpen.de\/pl\/wp-json\/wp\/v2\/product"}],"about":[{"href":"https:\/\/aromenderalpen.de\/pl\/wp-json\/wp\/v2\/types\/product"}],"replies":[{"embeddable":true,"href":"https:\/\/aromenderalpen.de\/pl\/wp-json\/wp\/v2\/comments?post=2518"}],"wp:featuredmedia":[{"embeddable":true,"href":"https:\/\/aromenderalpen.de\/pl\/wp-json\/wp\/v2\/media\/5345"}],"wp:attachment":[{"href":"https:\/\/aromenderalpen.de\/pl\/wp-json\/wp\/v2\/media?parent=2518"}],"wp:term":[{"taxonomy":"product_brand","embeddable":true,"href":"https:\/\/aromenderalpen.de\/pl\/wp-json\/wp\/v2\/product_brand?post=2518"},{"taxonomy":"product_cat","embeddable":true,"href":"https:\/\/aromenderalpen.de\/pl\/wp-json\/wp\/v2\/product_cat?post=2518"},{"taxonomy":"product_tag","embeddable":true,"href":"https:\/\/aromenderalpen.de\/pl\/wp-json\/wp\/v2\/product_tag?post=2518"}],"curies":[{"name":"wp","href":"https:\/\/api.w.org\/{rel}","templated":true}]}}