{"id":4881,"date":"2026-03-05T09:15:26","date_gmt":"2026-03-05T08:15:26","guid":{"rendered":"https:\/\/aromenderalpen.de\/?post_type=product&#038;p=4881"},"modified":"2026-03-09T12:07:07","modified_gmt":"2026-03-09T11:07:07","slug":"fregula-tostata-kopie","status":"publish","type":"product","link":"https:\/\/aromenderalpen.de\/pl\/produkt\/fregula-tostata-kopie\/","title":{"rendered":"Przyprawa do sera Aurelia 50g"},"content":{"rendered":"","protected":false},"excerpt":{"rendered":"<p>Aromatyczna mieszanka zi\u00f3\u0142 i przypraw idealna do da\u0144 z serem. Doskona\u0142a do zapiekanek, ser\u00f3w pieczonych, przek\u0105sek serowych oraz jako dodatek do ulubionych ser\u00f3w.<\/p>\n<p>Sk\u0142ad:<br \/>s\u00f3l kamienna, cukier, przyprawa bazowa, marchew, skrobia, por, naturalny aromat, zio\u0142a, przyprawy, cebula, papryka, regulator kwasowo\u015bci (kwas cytrynowy), koncentrat soku z marchwi, ekstrakt pomidorowy, koncentrat soku z cebuli, olej s\u0142onecznikowy, pietruszka, szczypiorek, lubczyk, czosnek granulowany, estragon, czosnek nied\u017awiedzi, ga\u0142ka muszkato\u0142owa, granulowana cebula, papryka s\u0142odka, papryka ostra, oregano, pra\u017cona cebula, bazylia, pomidor, proszek szpinakowy, tymianek, koper, pieprz, przyprawy (seler, gorczyca, curry, kurkuma, kmin rzymski, kolendra, kozieradka, chili, koper w\u0142oski).<\/p>\n<p>Alergeny: ga\u0142ka muszkato\u0142owa, pra\u017cona cebula<\/p>\n","protected":false},"featured_media":4936,"comment_status":"open","ping_status":"closed","template":"","meta":[],"product_brand":[],"product_cat":[131],"product_tag":[],"class_list":{"0":"post-4881","1":"product","2":"type-product","3":"status-publish","4":"has-post-thumbnail","6":"product_cat-przyprawy","8":"first","9":"instock","10":"shipping-taxable","11":"purchasable","12":"product-type-simple"},"_links":{"self":[{"href":"https:\/\/aromenderalpen.de\/pl\/wp-json\/wp\/v2\/product\/4881","targetHints":{"allow":["GET"]}}],"collection":[{"href":"https:\/\/aromenderalpen.de\/pl\/wp-json\/wp\/v2\/product"}],"about":[{"href":"https:\/\/aromenderalpen.de\/pl\/wp-json\/wp\/v2\/types\/product"}],"replies":[{"embeddable":true,"href":"https:\/\/aromenderalpen.de\/pl\/wp-json\/wp\/v2\/comments?post=4881"}],"wp:featuredmedia":[{"embeddable":true,"href":"https:\/\/aromenderalpen.de\/pl\/wp-json\/wp\/v2\/media\/4936"}],"wp:attachment":[{"href":"https:\/\/aromenderalpen.de\/pl\/wp-json\/wp\/v2\/media?parent=4881"}],"wp:term":[{"taxonomy":"product_brand","embeddable":true,"href":"https:\/\/aromenderalpen.de\/pl\/wp-json\/wp\/v2\/product_brand?post=4881"},{"taxonomy":"product_cat","embeddable":true,"href":"https:\/\/aromenderalpen.de\/pl\/wp-json\/wp\/v2\/product_cat?post=4881"},{"taxonomy":"product_tag","embeddable":true,"href":"https:\/\/aromenderalpen.de\/pl\/wp-json\/wp\/v2\/product_tag?post=4881"}],"curies":[{"name":"wp","href":"https:\/\/api.w.org\/{rel}","templated":true}]}}