{"id":4883,"date":"2026-03-05T09:29:12","date_gmt":"2026-03-05T08:29:12","guid":{"rendered":"https:\/\/aromenderalpen.de\/?post_type=product&#038;p=4883"},"modified":"2026-03-05T12:12:52","modified_gmt":"2026-03-05T11:12:52","slug":"fregula-tostata-kopie-kopie","status":"publish","type":"product","link":"https:\/\/aromenderalpen.de\/pl\/produkt\/fregula-tostata-kopie-kopie\/","title":{"rendered":"Jadalne kwiaty przyprawowe 8g"},"content":{"rendered":"","protected":false},"excerpt":{"rendered":"<p><strong>Jadalne kwiaty przyprawowe<\/strong><\/p>\n<p>Delikatne, jadalne kwiaty do przyprawiania i dekorowania potraw. Idealne do sa\u0142atek, zup, sos\u00f3w oraz jako naturalna dekoracja wielu da\u0144. <\/p>\n<p>Sk\u0142ad:<br \/>\nchaber b\u0142awatek, nagietek, p\u0142atki r\u00f3\u017cy, kwiaty czarnego bzu, lawenda<\/p>\n","protected":false},"featured_media":4885,"comment_status":"open","ping_status":"closed","template":"","meta":[],"product_brand":[],"product_cat":[131],"product_tag":[],"class_list":{"0":"post-4883","1":"product","2":"type-product","3":"status-publish","4":"has-post-thumbnail","6":"product_cat-przyprawy","8":"first","9":"instock","10":"shipping-taxable","11":"purchasable","12":"product-type-simple"},"_links":{"self":[{"href":"https:\/\/aromenderalpen.de\/pl\/wp-json\/wp\/v2\/product\/4883","targetHints":{"allow":["GET"]}}],"collection":[{"href":"https:\/\/aromenderalpen.de\/pl\/wp-json\/wp\/v2\/product"}],"about":[{"href":"https:\/\/aromenderalpen.de\/pl\/wp-json\/wp\/v2\/types\/product"}],"replies":[{"embeddable":true,"href":"https:\/\/aromenderalpen.de\/pl\/wp-json\/wp\/v2\/comments?post=4883"}],"wp:featuredmedia":[{"embeddable":true,"href":"https:\/\/aromenderalpen.de\/pl\/wp-json\/wp\/v2\/media\/4885"}],"wp:attachment":[{"href":"https:\/\/aromenderalpen.de\/pl\/wp-json\/wp\/v2\/media?parent=4883"}],"wp:term":[{"taxonomy":"product_brand","embeddable":true,"href":"https:\/\/aromenderalpen.de\/pl\/wp-json\/wp\/v2\/product_brand?post=4883"},{"taxonomy":"product_cat","embeddable":true,"href":"https:\/\/aromenderalpen.de\/pl\/wp-json\/wp\/v2\/product_cat?post=4883"},{"taxonomy":"product_tag","embeddable":true,"href":"https:\/\/aromenderalpen.de\/pl\/wp-json\/wp\/v2\/product_tag?post=4883"}],"curies":[{"name":"wp","href":"https:\/\/api.w.org\/{rel}","templated":true}]}}