{"id":4887,"date":"2026-03-05T09:37:43","date_gmt":"2026-03-05T08:37:43","guid":{"rendered":"https:\/\/aromenderalpen.de\/?post_type=product&#038;p=4887"},"modified":"2026-03-05T12:10:01","modified_gmt":"2026-03-05T11:10:01","slug":"fregula-tostata-kopie-kopie-kopie","status":"publish","type":"product","link":"https:\/\/aromenderalpen.de\/pl\/produkt\/fregula-tostata-kopie-kopie-kopie\/","title":{"rendered":"S\u00f3l z dzikimi zio\u0142ami Aurelia 200g"},"content":{"rendered":"","protected":false},"excerpt":{"rendered":"<p><strong>S\u00f3l z dzikimi zio\u0142ami Aurelia<\/strong><\/p>\n<p>Naturalna s\u00f3l krystaliczna z aromatyczn\u0105 mieszank\u0105 dzikich zi\u00f3\u0142 i kwiat\u00f3w. Idealna do przyprawiania sa\u0142atek, warzyw, dip\u00f3w oraz da\u0144 z mi\u0119sa i ryb. <\/p>\n<p>Sk\u0142ad:<br \/>\ns\u00f3l krystaliczna, pietruszka, szczypiorek, lubczyk, estragon, czosnek nied\u017awiedzi, trybula, cz\u0105ber, kozieradka b\u0142\u0119kitna, krwawnik, pokrzywa, oregano, chaber b\u0142awatek, nagietek, p\u0142atki r\u00f3\u017cy, kwiaty czarnego bzu.<\/p>\n<ul>\n<li>Naturalne sk\u0142adniki<\/li>\n<li>Bez wzmacniaczy smaku i barwnik\u00f3w<\/li>\n<li>Bez glutenu i laktozy<\/li>\n<\/ul>\n","protected":false},"featured_media":4889,"comment_status":"open","ping_status":"closed","template":"","meta":[],"product_brand":[],"product_cat":[131],"product_tag":[],"class_list":{"0":"post-4887","1":"product","2":"type-product","3":"status-publish","4":"has-post-thumbnail","6":"product_cat-przyprawy","8":"first","9":"instock","10":"shipping-taxable","11":"purchasable","12":"product-type-simple"},"_links":{"self":[{"href":"https:\/\/aromenderalpen.de\/pl\/wp-json\/wp\/v2\/product\/4887","targetHints":{"allow":["GET"]}}],"collection":[{"href":"https:\/\/aromenderalpen.de\/pl\/wp-json\/wp\/v2\/product"}],"about":[{"href":"https:\/\/aromenderalpen.de\/pl\/wp-json\/wp\/v2\/types\/product"}],"replies":[{"embeddable":true,"href":"https:\/\/aromenderalpen.de\/pl\/wp-json\/wp\/v2\/comments?post=4887"}],"wp:featuredmedia":[{"embeddable":true,"href":"https:\/\/aromenderalpen.de\/pl\/wp-json\/wp\/v2\/media\/4889"}],"wp:attachment":[{"href":"https:\/\/aromenderalpen.de\/pl\/wp-json\/wp\/v2\/media?parent=4887"}],"wp:term":[{"taxonomy":"product_brand","embeddable":true,"href":"https:\/\/aromenderalpen.de\/pl\/wp-json\/wp\/v2\/product_brand?post=4887"},{"taxonomy":"product_cat","embeddable":true,"href":"https:\/\/aromenderalpen.de\/pl\/wp-json\/wp\/v2\/product_cat?post=4887"},{"taxonomy":"product_tag","embeddable":true,"href":"https:\/\/aromenderalpen.de\/pl\/wp-json\/wp\/v2\/product_tag?post=4887"}],"curies":[{"name":"wp","href":"https:\/\/api.w.org\/{rel}","templated":true}]}}