{"id":4891,"date":"2026-03-05T12:14:49","date_gmt":"2026-03-05T11:14:49","guid":{"rendered":"https:\/\/aromenderalpen.de\/?post_type=product&#038;p=4891"},"modified":"2026-03-05T12:23:13","modified_gmt":"2026-03-05T11:23:13","slug":"sol-z-dzikimi-ziolami-aurelia-200g-kopie","status":"publish","type":"product","link":"https:\/\/aromenderalpen.de\/pl\/produkt\/sol-z-dzikimi-ziolami-aurelia-200g-kopie\/","title":{"rendered":"Dzikie zio\u0142a Allg\u00e4u Aurelia 25g"},"content":{"rendered":"","protected":false},"excerpt":{"rendered":"<p><strong>Dzikie zio\u0142a Allg\u00e4u Aurelia<\/strong><\/p>\n<p>Aromatyczna mieszanka dzikich zi\u00f3\u0142 i kwiat\u00f3w do kreatywnej kuchni. Nadaje potrawom intensywny smak oraz naturaln\u0105, dekoracyjn\u0105 form\u0119. Idealna do sa\u0142atek, dip\u00f3w, sos\u00f3w, warzyw i wielu innych da\u0144.<\/p>\n<p>Sk\u0142ad:<br \/>\npietruszka, szczypiorek, lubczyk, estragon, czosnek nied\u017awiedzi, trybula, cz\u0105ber, kozieradka b\u0142\u0119kitna, krwawnik, pokrzywa, oregano, chaber b\u0142awatek, nagietek, p\u0142atki r\u00f3\u017cy, kwiaty czarnego bzu<\/p>\n<ul>\n<li>Naturalne sk\u0142adniki<\/li>\n<li>Bez wzmacniaczy smaku i barwnik\u00f3w<\/li>\n<li>Bez glutenu i laktozy<\/li>\n<\/ul>\n","protected":false},"featured_media":4893,"comment_status":"open","ping_status":"closed","template":"","meta":[],"product_brand":[],"product_cat":[131],"product_tag":[],"class_list":{"0":"post-4891","1":"product","2":"type-product","3":"status-publish","4":"has-post-thumbnail","6":"product_cat-przyprawy","8":"first","9":"instock","10":"shipping-taxable","11":"purchasable","12":"product-type-simple"},"_links":{"self":[{"href":"https:\/\/aromenderalpen.de\/pl\/wp-json\/wp\/v2\/product\/4891","targetHints":{"allow":["GET"]}}],"collection":[{"href":"https:\/\/aromenderalpen.de\/pl\/wp-json\/wp\/v2\/product"}],"about":[{"href":"https:\/\/aromenderalpen.de\/pl\/wp-json\/wp\/v2\/types\/product"}],"replies":[{"embeddable":true,"href":"https:\/\/aromenderalpen.de\/pl\/wp-json\/wp\/v2\/comments?post=4891"}],"wp:featuredmedia":[{"embeddable":true,"href":"https:\/\/aromenderalpen.de\/pl\/wp-json\/wp\/v2\/media\/4893"}],"wp:attachment":[{"href":"https:\/\/aromenderalpen.de\/pl\/wp-json\/wp\/v2\/media?parent=4891"}],"wp:term":[{"taxonomy":"product_brand","embeddable":true,"href":"https:\/\/aromenderalpen.de\/pl\/wp-json\/wp\/v2\/product_brand?post=4891"},{"taxonomy":"product_cat","embeddable":true,"href":"https:\/\/aromenderalpen.de\/pl\/wp-json\/wp\/v2\/product_cat?post=4891"},{"taxonomy":"product_tag","embeddable":true,"href":"https:\/\/aromenderalpen.de\/pl\/wp-json\/wp\/v2\/product_tag?post=4891"}],"curies":[{"name":"wp","href":"https:\/\/api.w.org\/{rel}","templated":true}]}}