{"id":4895,"date":"2026-03-05T12:24:36","date_gmt":"2026-03-05T11:24:36","guid":{"rendered":"https:\/\/aromenderalpen.de\/?post_type=product&#038;p=4895"},"modified":"2026-03-05T12:31:17","modified_gmt":"2026-03-05T11:31:17","slug":"dzikie-ziola-allgaeu-aurelia-25g-kopie","status":"publish","type":"product","link":"https:\/\/aromenderalpen.de\/pl\/produkt\/dzikie-ziola-allgaeu-aurelia-25g-kopie\/","title":{"rendered":"Zio\u0142a do sa\u0142atek Aurelia 25g"},"content":{"rendered":"","protected":false},"excerpt":{"rendered":"<p>Aromatyczna mieszanka suszonych zi\u00f3\u0142 i warzyw idealna do sa\u0142atek oraz wielu innych potraw. Nadaje daniom \u015bwie\u017cy smak i naturalny kolor \u2013 bez wzmacniaczy smaku i sztucznych barwnik\u00f3w. <\/p>\n<p>Sk\u0142ad:<br \/>\npietruszka, szczypiorek, lubczyk, estragon, nagietek, p\u0142atki r\u00f3\u017cy, cebula, seler, majeranek, marchew, papryka, koper<\/p>\n<ul>\n<li>Bez wzmacniaczy smaku i barwnik\u00f3w<\/li>\n<li>Bez glutenu i laktozy<\/li>\n<\/ul>\n<p>Alergeny: Seler<\/p>\n","protected":false},"featured_media":4897,"comment_status":"open","ping_status":"closed","template":"","meta":[],"product_brand":[],"product_cat":[131],"product_tag":[],"class_list":{"0":"post-4895","1":"product","2":"type-product","3":"status-publish","4":"has-post-thumbnail","6":"product_cat-przyprawy","8":"first","9":"instock","10":"shipping-taxable","11":"purchasable","12":"product-type-simple"},"_links":{"self":[{"href":"https:\/\/aromenderalpen.de\/pl\/wp-json\/wp\/v2\/product\/4895","targetHints":{"allow":["GET"]}}],"collection":[{"href":"https:\/\/aromenderalpen.de\/pl\/wp-json\/wp\/v2\/product"}],"about":[{"href":"https:\/\/aromenderalpen.de\/pl\/wp-json\/wp\/v2\/types\/product"}],"replies":[{"embeddable":true,"href":"https:\/\/aromenderalpen.de\/pl\/wp-json\/wp\/v2\/comments?post=4895"}],"wp:featuredmedia":[{"embeddable":true,"href":"https:\/\/aromenderalpen.de\/pl\/wp-json\/wp\/v2\/media\/4897"}],"wp:attachment":[{"href":"https:\/\/aromenderalpen.de\/pl\/wp-json\/wp\/v2\/media?parent=4895"}],"wp:term":[{"taxonomy":"product_brand","embeddable":true,"href":"https:\/\/aromenderalpen.de\/pl\/wp-json\/wp\/v2\/product_brand?post=4895"},{"taxonomy":"product_cat","embeddable":true,"href":"https:\/\/aromenderalpen.de\/pl\/wp-json\/wp\/v2\/product_cat?post=4895"},{"taxonomy":"product_tag","embeddable":true,"href":"https:\/\/aromenderalpen.de\/pl\/wp-json\/wp\/v2\/product_tag?post=4895"}],"curies":[{"name":"wp","href":"https:\/\/api.w.org\/{rel}","templated":true}]}}