{"id":4899,"date":"2026-03-05T13:58:20","date_gmt":"2026-03-05T12:58:20","guid":{"rendered":"https:\/\/aromenderalpen.de\/?post_type=product&#038;p=4899"},"modified":"2026-03-05T14:03:20","modified_gmt":"2026-03-05T13:03:20","slug":"ziola-do-salatek-aurelia-25g-kopie","status":"publish","type":"product","link":"https:\/\/aromenderalpen.de\/pl\/produkt\/ziola-do-salatek-aurelia-25g-kopie\/","title":{"rendered":"Zio\u0142a \u015br\u00f3dziemnomorskie 50g"},"content":{"rendered":"","protected":false},"excerpt":{"rendered":"<p>Aromatyczna mieszanka przypraw z zio\u0142ami \u015br\u00f3dziemnomorskimi, czosnkiem i suszonymi kawa\u0142kami pomidor\u00f3w. Idealna do zapiekanek, gulaszy, sos\u00f3w do makaron\u00f3w oraz wielu innych da\u0144. Nadaje potrawom charakterystyczny smak kuchni \u015br\u00f3dziemnomorskiej.  <\/p>\n<p>Sk\u0142ad:<br \/>\nkawa\u0142ki pomidor\u00f3w, p\u0142atki czosnku, granulowany czosnek, oregano, bazylia, tymianek, rozmaryn<\/p>\n","protected":false},"featured_media":4901,"comment_status":"open","ping_status":"closed","template":"","meta":[],"product_brand":[],"product_cat":[131],"product_tag":[],"class_list":{"0":"post-4899","1":"product","2":"type-product","3":"status-publish","4":"has-post-thumbnail","6":"product_cat-przyprawy","8":"first","9":"instock","10":"shipping-taxable","11":"purchasable","12":"product-type-simple"},"_links":{"self":[{"href":"https:\/\/aromenderalpen.de\/pl\/wp-json\/wp\/v2\/product\/4899","targetHints":{"allow":["GET"]}}],"collection":[{"href":"https:\/\/aromenderalpen.de\/pl\/wp-json\/wp\/v2\/product"}],"about":[{"href":"https:\/\/aromenderalpen.de\/pl\/wp-json\/wp\/v2\/types\/product"}],"replies":[{"embeddable":true,"href":"https:\/\/aromenderalpen.de\/pl\/wp-json\/wp\/v2\/comments?post=4899"}],"wp:featuredmedia":[{"embeddable":true,"href":"https:\/\/aromenderalpen.de\/pl\/wp-json\/wp\/v2\/media\/4901"}],"wp:attachment":[{"href":"https:\/\/aromenderalpen.de\/pl\/wp-json\/wp\/v2\/media?parent=4899"}],"wp:term":[{"taxonomy":"product_brand","embeddable":true,"href":"https:\/\/aromenderalpen.de\/pl\/wp-json\/wp\/v2\/product_brand?post=4899"},{"taxonomy":"product_cat","embeddable":true,"href":"https:\/\/aromenderalpen.de\/pl\/wp-json\/wp\/v2\/product_cat?post=4899"},{"taxonomy":"product_tag","embeddable":true,"href":"https:\/\/aromenderalpen.de\/pl\/wp-json\/wp\/v2\/product_tag?post=4899"}],"curies":[{"name":"wp","href":"https:\/\/api.w.org\/{rel}","templated":true}]}}