{"id":4903,"date":"2026-03-05T14:21:26","date_gmt":"2026-03-05T13:21:26","guid":{"rendered":"https:\/\/aromenderalpen.de\/?post_type=product&#038;p=4903"},"modified":"2026-03-05T14:27:13","modified_gmt":"2026-03-05T13:27:13","slug":"ziola-srodziemnomorskie-50g-kopie","status":"publish","type":"product","link":"https:\/\/aromenderalpen.de\/pl\/produkt\/ziola-srodziemnomorskie-50g-kopie\/","title":{"rendered":"Przyprawa do sa\u0142atki ziemniaczanej Aurelia 50g"},"content":{"rendered":"","protected":false},"excerpt":{"rendered":"<p>Aromatyczna mieszanka przypraw do szybkiego przygotowania sa\u0142atki ziemniaczanej. Po\u0142\u0105czenie zi\u00f3\u0142, przypraw i warzyw nadaje potrawom intensywny smak i atrakcyjny wygl\u0105d. Doskona\u0142a r\u00f3wnie\u017c do dressing\u00f3w oraz innych da\u0144.  <\/p>\n<p>Sk\u0142ad:<br \/>s\u00f3l krystaliczna, przyprawa bazowa, skrobia, cukier, marchew, por, naturalny aromat, olej s\u0142onecznikowy, zio\u0142a, przyprawy, cebula, papryka, regulator kwasowo\u015bci (naturalny kwas cytrynowy), koncentrat soku z marchwi, koncentrat soku z cebuli, pietruszka, szczypiorek, lubczyk, gorczyca mielona, estragon, nagietek, p\u0142atki r\u00f3\u017cy, seler, majeranek, koper, granulowana cebula\n<\/p>\n<p>Idealna do sa\u0142atki ziemiaczenej i dresing\u00f3w.<\/p>\n<p>Alergeny: Gorczyca i seler<\/p>\n","protected":false},"featured_media":4905,"comment_status":"open","ping_status":"closed","template":"","meta":[],"product_brand":[],"product_cat":[131],"product_tag":[],"class_list":{"0":"post-4903","1":"product","2":"type-product","3":"status-publish","4":"has-post-thumbnail","6":"product_cat-przyprawy","8":"first","9":"instock","10":"shipping-taxable","11":"purchasable","12":"product-type-simple"},"_links":{"self":[{"href":"https:\/\/aromenderalpen.de\/pl\/wp-json\/wp\/v2\/product\/4903","targetHints":{"allow":["GET"]}}],"collection":[{"href":"https:\/\/aromenderalpen.de\/pl\/wp-json\/wp\/v2\/product"}],"about":[{"href":"https:\/\/aromenderalpen.de\/pl\/wp-json\/wp\/v2\/types\/product"}],"replies":[{"embeddable":true,"href":"https:\/\/aromenderalpen.de\/pl\/wp-json\/wp\/v2\/comments?post=4903"}],"wp:featuredmedia":[{"embeddable":true,"href":"https:\/\/aromenderalpen.de\/pl\/wp-json\/wp\/v2\/media\/4905"}],"wp:attachment":[{"href":"https:\/\/aromenderalpen.de\/pl\/wp-json\/wp\/v2\/media?parent=4903"}],"wp:term":[{"taxonomy":"product_brand","embeddable":true,"href":"https:\/\/aromenderalpen.de\/pl\/wp-json\/wp\/v2\/product_brand?post=4903"},{"taxonomy":"product_cat","embeddable":true,"href":"https:\/\/aromenderalpen.de\/pl\/wp-json\/wp\/v2\/product_cat?post=4903"},{"taxonomy":"product_tag","embeddable":true,"href":"https:\/\/aromenderalpen.de\/pl\/wp-json\/wp\/v2\/product_tag?post=4903"}],"curies":[{"name":"wp","href":"https:\/\/api.w.org\/{rel}","templated":true}]}}