{"id":4907,"date":"2026-03-05T14:29:26","date_gmt":"2026-03-05T13:29:26","guid":{"rendered":"https:\/\/aromenderalpen.de\/?post_type=product&#038;p=4907"},"modified":"2026-03-05T14:33:34","modified_gmt":"2026-03-05T13:33:34","slug":"przyprawa-do-salatki-ziemniaczanej-aurelia-50g-kopie","status":"publish","type":"product","link":"https:\/\/aromenderalpen.de\/pl\/produkt\/przyprawa-do-salatki-ziemniaczanej-aurelia-50g-kopie\/","title":{"rendered":"Przyprawa do sma\u017conych ziemniak\u00f3w Aurelia 50g"},"content":{"rendered":"","protected":false},"excerpt":{"rendered":"<p>Aromatyczna mieszanka przypraw i zi\u00f3\u0142 idealna do sma\u017conych ziemniak\u00f3w. Nadaje potrawom intensywny smak i \u015bwietnie sprawdza si\u0119 r\u00f3wnie\u017c do przyprawiania mi\u0119sa oraz warzyw z grilla. <\/p>\n<p>Sk\u0142ad:<br \/>\npapryka s\u0142odka, papryka ostra, s\u00f3l kamienna, s\u00f3l w\u0119dzona, pra\u017cona cebula, przyprawy (pomidor, curry, kurkuma, kmin rzymski, kolendra, kozieradka, chili, koper w\u0142oski, czosnek, cebula, proszek szpinakowy, tymianek, koper, pieprz), szczypiorek, pietruszka, lubczyk, rozmaryn, ga\u0142ka muszkato\u0142owa mielona, aromat<\/p>\n<p>Alergeny: ga\u0142ka muszkato\u0142owa, pra\u017cona cebula (m\u0105ka)<\/p>\n","protected":false},"featured_media":4909,"comment_status":"open","ping_status":"closed","template":"","meta":[],"product_brand":[],"product_cat":[131],"product_tag":[],"class_list":{"0":"post-4907","1":"product","2":"type-product","3":"status-publish","4":"has-post-thumbnail","6":"product_cat-przyprawy","8":"first","9":"instock","10":"shipping-taxable","11":"purchasable","12":"product-type-simple"},"_links":{"self":[{"href":"https:\/\/aromenderalpen.de\/pl\/wp-json\/wp\/v2\/product\/4907","targetHints":{"allow":["GET"]}}],"collection":[{"href":"https:\/\/aromenderalpen.de\/pl\/wp-json\/wp\/v2\/product"}],"about":[{"href":"https:\/\/aromenderalpen.de\/pl\/wp-json\/wp\/v2\/types\/product"}],"replies":[{"embeddable":true,"href":"https:\/\/aromenderalpen.de\/pl\/wp-json\/wp\/v2\/comments?post=4907"}],"wp:featuredmedia":[{"embeddable":true,"href":"https:\/\/aromenderalpen.de\/pl\/wp-json\/wp\/v2\/media\/4909"}],"wp:attachment":[{"href":"https:\/\/aromenderalpen.de\/pl\/wp-json\/wp\/v2\/media?parent=4907"}],"wp:term":[{"taxonomy":"product_brand","embeddable":true,"href":"https:\/\/aromenderalpen.de\/pl\/wp-json\/wp\/v2\/product_brand?post=4907"},{"taxonomy":"product_cat","embeddable":true,"href":"https:\/\/aromenderalpen.de\/pl\/wp-json\/wp\/v2\/product_cat?post=4907"},{"taxonomy":"product_tag","embeddable":true,"href":"https:\/\/aromenderalpen.de\/pl\/wp-json\/wp\/v2\/product_tag?post=4907"}],"curies":[{"name":"wp","href":"https:\/\/api.w.org\/{rel}","templated":true}]}}