{"id":4911,"date":"2026-03-05T14:34:32","date_gmt":"2026-03-05T13:34:32","guid":{"rendered":"https:\/\/aromenderalpen.de\/?post_type=product&#038;p=4911"},"modified":"2026-03-05T14:38:48","modified_gmt":"2026-03-05T13:38:48","slug":"przyprawa-do-smazonych-ziemniakow-aurelia-50g-kopie","status":"publish","type":"product","link":"https:\/\/aromenderalpen.de\/pl\/produkt\/przyprawa-do-smazonych-ziemniakow-aurelia-50g-kopie\/","title":{"rendered":"Aurelia Tomatenliebe \u2013 mieszanka do pesto 100g"},"content":{"rendered":"","protected":false},"excerpt":{"rendered":"<p>Aromatyczna mieszanka suszonych pomidor\u00f3w i zi\u00f3\u0142 \u015br\u00f3dziemnomorskich do szybkiego przygotowania domowego pesto. Idealna do makaron\u00f3w, pieczywa, twaro\u017cku oraz jako dodatek do wielu ciep\u0142ych da\u0144. <\/p>\n<p>Sk\u0142ad:<br \/>\npomidory, mieszanka do zupy pomidorowej Aurelia, cebula suszona, czosnek granulowany, papryka s\u0142odka, oregano, s\u00f3l kamienna, \u0142uskane nasiona konopi, papryka w\u0119dzona, chili, pieprz<\/p>\n","protected":false},"featured_media":4913,"comment_status":"open","ping_status":"closed","template":"","meta":[],"product_brand":[],"product_cat":[131],"product_tag":[],"class_list":{"0":"post-4911","1":"product","2":"type-product","3":"status-publish","4":"has-post-thumbnail","6":"product_cat-przyprawy","8":"first","9":"instock","10":"shipping-taxable","11":"purchasable","12":"product-type-simple"},"_links":{"self":[{"href":"https:\/\/aromenderalpen.de\/pl\/wp-json\/wp\/v2\/product\/4911","targetHints":{"allow":["GET"]}}],"collection":[{"href":"https:\/\/aromenderalpen.de\/pl\/wp-json\/wp\/v2\/product"}],"about":[{"href":"https:\/\/aromenderalpen.de\/pl\/wp-json\/wp\/v2\/types\/product"}],"replies":[{"embeddable":true,"href":"https:\/\/aromenderalpen.de\/pl\/wp-json\/wp\/v2\/comments?post=4911"}],"wp:featuredmedia":[{"embeddable":true,"href":"https:\/\/aromenderalpen.de\/pl\/wp-json\/wp\/v2\/media\/4913"}],"wp:attachment":[{"href":"https:\/\/aromenderalpen.de\/pl\/wp-json\/wp\/v2\/media?parent=4911"}],"wp:term":[{"taxonomy":"product_brand","embeddable":true,"href":"https:\/\/aromenderalpen.de\/pl\/wp-json\/wp\/v2\/product_brand?post=4911"},{"taxonomy":"product_cat","embeddable":true,"href":"https:\/\/aromenderalpen.de\/pl\/wp-json\/wp\/v2\/product_cat?post=4911"},{"taxonomy":"product_tag","embeddable":true,"href":"https:\/\/aromenderalpen.de\/pl\/wp-json\/wp\/v2\/product_tag?post=4911"}],"curies":[{"name":"wp","href":"https:\/\/api.w.org\/{rel}","templated":true}]}}