{"id":4915,"date":"2026-03-05T14:40:19","date_gmt":"2026-03-05T13:40:19","guid":{"rendered":"https:\/\/aromenderalpen.de\/?post_type=product&#038;p=4915"},"modified":"2026-03-05T14:57:56","modified_gmt":"2026-03-05T13:57:56","slug":"aurelia-tomatenliebe-mieszanka-do-pesto-100g-kopie","status":"publish","type":"product","link":"https:\/\/aromenderalpen.de\/pl\/produkt\/aurelia-tomatenliebe-mieszanka-do-pesto-100g-kopie\/","title":{"rendered":"Herbata Bergler Aurelia 75g"},"content":{"rendered":"","protected":false},"excerpt":{"rendered":"<p>Aromatyczna mieszanka zi\u00f3\u0142, owoc\u00f3w i kwiat\u00f3w z delikatn\u0105 cytrusow\u0105 nut\u0105. Doskona\u0142a do picia na ciep\u0142o lub jako orze\u017awiaj\u0105ca herbata mro\u017cona. <\/p>\n<p>Sk\u0142ad:<br \/>\nkawa\u0142ki jab\u0142ek, dzika r\u00f3\u017ca, li\u015bcie truskawki, li\u015bcie maliny, li\u015bcie je\u017cyny, aromat cytrynowy, krokosz barwierski (dziki szafran), kwiaty malwy niebieskiej, kwiaty s\u0142onecznika<\/p>\n<ul>\n<li>Bez sztucznych aromat\u00f3w i wzmacniaczy smaku<\/li>\n<li>Bez laktozy<\/li>\n<\/ul>\n<p>Przygotowanie:<br \/>\n2 \u0142y\u017cki herbaty zala\u0107 gor\u0105c\u0105 wod\u0105 i parzy\u0107 5\u20138 minut.<\/p>\n","protected":false},"featured_media":4917,"comment_status":"open","ping_status":"closed","template":"","meta":[],"product_brand":[],"product_cat":[133],"product_tag":[],"class_list":{"0":"post-4915","1":"product","2":"type-product","3":"status-publish","4":"has-post-thumbnail","6":"product_cat-herbaty","8":"first","9":"instock","10":"shipping-taxable","11":"purchasable","12":"product-type-simple"},"_links":{"self":[{"href":"https:\/\/aromenderalpen.de\/pl\/wp-json\/wp\/v2\/product\/4915","targetHints":{"allow":["GET"]}}],"collection":[{"href":"https:\/\/aromenderalpen.de\/pl\/wp-json\/wp\/v2\/product"}],"about":[{"href":"https:\/\/aromenderalpen.de\/pl\/wp-json\/wp\/v2\/types\/product"}],"replies":[{"embeddable":true,"href":"https:\/\/aromenderalpen.de\/pl\/wp-json\/wp\/v2\/comments?post=4915"}],"wp:featuredmedia":[{"embeddable":true,"href":"https:\/\/aromenderalpen.de\/pl\/wp-json\/wp\/v2\/media\/4917"}],"wp:attachment":[{"href":"https:\/\/aromenderalpen.de\/pl\/wp-json\/wp\/v2\/media?parent=4915"}],"wp:term":[{"taxonomy":"product_brand","embeddable":true,"href":"https:\/\/aromenderalpen.de\/pl\/wp-json\/wp\/v2\/product_brand?post=4915"},{"taxonomy":"product_cat","embeddable":true,"href":"https:\/\/aromenderalpen.de\/pl\/wp-json\/wp\/v2\/product_cat?post=4915"},{"taxonomy":"product_tag","embeddable":true,"href":"https:\/\/aromenderalpen.de\/pl\/wp-json\/wp\/v2\/product_tag?post=4915"}],"curies":[{"name":"wp","href":"https:\/\/api.w.org\/{rel}","templated":true}]}}