{"id":4919,"date":"2026-03-05T14:50:56","date_gmt":"2026-03-05T13:50:56","guid":{"rendered":"https:\/\/aromenderalpen.de\/?post_type=product&#038;p=4919"},"modified":"2026-03-05T14:59:18","modified_gmt":"2026-03-05T13:59:18","slug":"herbata-bergler-aurelia75g-kopie","status":"publish","type":"product","link":"https:\/\/aromenderalpen.de\/pl\/produkt\/herbata-bergler-aurelia75g-kopie\/","title":{"rendered":"Herbata z g\u00f3rskich zi\u00f3\u0142 Aurelia 75g"},"content":{"rendered":"","protected":false},"excerpt":{"rendered":"<p>Aromatyczna mieszanka zi\u00f3\u0142 g\u00f3rskich do przygotowania koj\u0105cej herbaty zio\u0142owej. Idealna na chwil\u0119 relaksu i odpr\u0119\u017cenia, szczeg\u00f3lnie wieczorem. <\/p>\n<p>Sk\u0142ad:<br \/>\nmi\u0119ta pieprzowa, babka lancetowata, kwiaty lawendy, pokrzywa, li\u015bcie sza\u0142wii, melisa, werbena cytrynowa<\/p>\n<ul>\n<li>Naturalne sk\u0142adniki<\/li>\n<li>Bez sztucznych aromat\u00f3w i wzmacniaczy smaku<\/li>\n<li>Bez laktozy<\/li>\n<\/ul>\n<p>Przygotowanie:<br \/>\n2 \u0142y\u017cki herbaty zala\u0107 1 litrem wrz\u0105cej wody i parzy\u0107 5\u20138 minut.<\/p>\n","protected":false},"featured_media":4921,"comment_status":"open","ping_status":"closed","template":"","meta":[],"product_brand":[],"product_cat":[133],"product_tag":[],"class_list":{"0":"post-4919","1":"product","2":"type-product","3":"status-publish","4":"has-post-thumbnail","6":"product_cat-herbaty","8":"first","9":"instock","10":"shipping-taxable","11":"purchasable","12":"product-type-simple"},"_links":{"self":[{"href":"https:\/\/aromenderalpen.de\/pl\/wp-json\/wp\/v2\/product\/4919","targetHints":{"allow":["GET"]}}],"collection":[{"href":"https:\/\/aromenderalpen.de\/pl\/wp-json\/wp\/v2\/product"}],"about":[{"href":"https:\/\/aromenderalpen.de\/pl\/wp-json\/wp\/v2\/types\/product"}],"replies":[{"embeddable":true,"href":"https:\/\/aromenderalpen.de\/pl\/wp-json\/wp\/v2\/comments?post=4919"}],"wp:featuredmedia":[{"embeddable":true,"href":"https:\/\/aromenderalpen.de\/pl\/wp-json\/wp\/v2\/media\/4921"}],"wp:attachment":[{"href":"https:\/\/aromenderalpen.de\/pl\/wp-json\/wp\/v2\/media?parent=4919"}],"wp:term":[{"taxonomy":"product_brand","embeddable":true,"href":"https:\/\/aromenderalpen.de\/pl\/wp-json\/wp\/v2\/product_brand?post=4919"},{"taxonomy":"product_cat","embeddable":true,"href":"https:\/\/aromenderalpen.de\/pl\/wp-json\/wp\/v2\/product_cat?post=4919"},{"taxonomy":"product_tag","embeddable":true,"href":"https:\/\/aromenderalpen.de\/pl\/wp-json\/wp\/v2\/product_tag?post=4919"}],"curies":[{"name":"wp","href":"https:\/\/api.w.org\/{rel}","templated":true}]}}