{"id":4923,"date":"2026-03-05T15:00:52","date_gmt":"2026-03-05T14:00:52","guid":{"rendered":"https:\/\/aromenderalpen.de\/?post_type=product&#038;p=4923"},"modified":"2026-03-05T15:05:26","modified_gmt":"2026-03-05T14:05:26","slug":"herbata-z-gorskich-ziol-aurelia-75g-kopie","status":"publish","type":"product","link":"https:\/\/aromenderalpen.de\/pl\/produkt\/herbata-z-gorskich-ziol-aurelia-75g-kopie\/","title":{"rendered":"Herbata le\u015bne owoce \u201eHexen Glut\u201d Aurelia 75g"},"content":{"rendered":"","protected":false},"excerpt":{"rendered":"<p>Intensywna herbata owocowa o g\u0142\u0119bokim czerwonym kolorze i wyrazistym smaku le\u015bnych owoc\u00f3w. Aromatyczna mieszanka r\u00f3\u017cnych jag\u00f3d zapewnia wyj\u0105tkowo owocowy i lekko kwa\u015bny napar. <\/p>\n<p>Sk\u0142ad:<br \/>\nowoce g\u0142ogu, hibiskus, owoce bzu czarnego, winogrona, dzika r\u00f3\u017ca, olej z czarnej porzeczki, olej porzeczkowy, olej wi\u015bniowy<\/p>\n<ul>\n<li>Naturalne sk\u0142adniki<\/li>\n<li>Bez laktozy<\/li>\n<\/ul>\n<p>Przygotowanie:<br \/>\n2 \u0142y\u017cki herbaty zala\u0107 1 litrem wrz\u0105cej wody i parzy\u0107 oko\u0142o 8 minut.<\/p>\n","protected":false},"featured_media":4925,"comment_status":"open","ping_status":"closed","template":"","meta":[],"product_brand":[],"product_cat":[133],"product_tag":[],"class_list":{"0":"post-4923","1":"product","2":"type-product","3":"status-publish","4":"has-post-thumbnail","6":"product_cat-herbaty","8":"first","9":"instock","10":"shipping-taxable","11":"purchasable","12":"product-type-simple"},"_links":{"self":[{"href":"https:\/\/aromenderalpen.de\/pl\/wp-json\/wp\/v2\/product\/4923","targetHints":{"allow":["GET"]}}],"collection":[{"href":"https:\/\/aromenderalpen.de\/pl\/wp-json\/wp\/v2\/product"}],"about":[{"href":"https:\/\/aromenderalpen.de\/pl\/wp-json\/wp\/v2\/types\/product"}],"replies":[{"embeddable":true,"href":"https:\/\/aromenderalpen.de\/pl\/wp-json\/wp\/v2\/comments?post=4923"}],"wp:featuredmedia":[{"embeddable":true,"href":"https:\/\/aromenderalpen.de\/pl\/wp-json\/wp\/v2\/media\/4925"}],"wp:attachment":[{"href":"https:\/\/aromenderalpen.de\/pl\/wp-json\/wp\/v2\/media?parent=4923"}],"wp:term":[{"taxonomy":"product_brand","embeddable":true,"href":"https:\/\/aromenderalpen.de\/pl\/wp-json\/wp\/v2\/product_brand?post=4923"},{"taxonomy":"product_cat","embeddable":true,"href":"https:\/\/aromenderalpen.de\/pl\/wp-json\/wp\/v2\/product_cat?post=4923"},{"taxonomy":"product_tag","embeddable":true,"href":"https:\/\/aromenderalpen.de\/pl\/wp-json\/wp\/v2\/product_tag?post=4923"}],"curies":[{"name":"wp","href":"https:\/\/api.w.org\/{rel}","templated":true}]}}