{"id":5854,"date":"2026-04-17T12:27:18","date_gmt":"2026-04-17T10:27:18","guid":{"rendered":"https:\/\/aromenderalpen.de\/?post_type=product&#038;p=5854"},"modified":"2026-04-17T12:55:13","modified_gmt":"2026-04-17T10:55:13","slug":"zestaw-gourmet-z-truflami-kopie-2","status":"publish","type":"product","link":"https:\/\/aromenderalpen.de\/pl\/produkt\/zestaw-gourmet-z-truflami-kopie-2\/","title":{"rendered":"Gew\u00fcrz-Symphonie \u2013 Dziewi\u0119\u0107 nut doskona\u0142ego smaku"},"content":{"rendered":"","protected":false},"excerpt":{"rendered":"<p>Mistrzowska kompozycja dla Twojej kuchni.<br \/>\nGew\u00fcrz-Symphonie to ekskluzywny zbi\u00f3r starannie wyselekcjonowanych przypraw, kt\u00f3re wsp\u00f3lnie tworz\u0105 harmonijn\u0105 ca\u0142o\u015b\u0107. To zestaw zaprojektowany dla tych, kt\u00f3rzy traktuj\u0105 gotowanie jak sztuk\u0119, a ka\u017cdy posi\u0142ek jak wyj\u0105tkowy koncert aromat\u00f3w.<br \/>\nDlaczego warto wybra\u0107 ten zestaw?<br \/>\n&#8211; Dziewi\u0119\u0107 filar\u00f3w smaku: Od g\u0142\u0119bokich, korzennych nut po \u015bwie\u017ce, zio\u0142owe akcenty \u2013 wszystko, czego potrzebujesz, by nada\u0107 potrawom wielowymiarowo\u015bci.<br \/>\n&#8211; Najwy\u017csza selekcja: Tylko naturalne sk\u0142adniki o intensywnym kolorze i aromacie, zamkni\u0119te w eleganckich opakowaniach chroni\u0105cych \u015bwie\u017co\u015b\u0107.<br \/>\n&#8211; Kulinarna inspiracja: Idealny balans pomi\u0119dzy klasyk\u0105 a egzotyk\u0105, kt\u00f3ry otwiera drzwi do nowych do\u015bwiadcze\u0144 smakowych.<br \/>\nGew\u00fcrz-Symphonie to nie tylko przyprawy \u2013 to obietnica pasji, jako\u015bci i nieograniczonej kreatywno\u015bci na talerzu.<\/p>\n<p>Walnussw\u00fcrz 50g<br \/>\nW\u00fcrzbl\u00fcten 8g<br \/>\nWildkr\u00e4utersalz 200g<br \/>\nWildkr\u00e4uter 25g<br \/>\nSalatkr\u00e4uter 25g<br \/>\nMediterrane Kr\u00e4uter 50g<br \/>\nKartoffelsalatgew\u00fcrz 50g<br \/>\nBratkartoffelgew\u00fcrz 50g<br \/>\nPesto Fix Tomatenliebe 100g<\/p>\n","protected":false},"featured_media":5856,"comment_status":"open","ping_status":"closed","template":"","meta":[],"product_brand":[],"product_cat":[131,135],"product_tag":[],"class_list":{"0":"post-5854","1":"product","2":"type-product","3":"status-publish","4":"has-post-thumbnail","6":"product_cat-przyprawy","7":"product_cat-zestawy-produktow","9":"first","10":"instock","11":"purchasable","12":"product-type-simple"},"_links":{"self":[{"href":"https:\/\/aromenderalpen.de\/pl\/wp-json\/wp\/v2\/product\/5854","targetHints":{"allow":["GET"]}}],"collection":[{"href":"https:\/\/aromenderalpen.de\/pl\/wp-json\/wp\/v2\/product"}],"about":[{"href":"https:\/\/aromenderalpen.de\/pl\/wp-json\/wp\/v2\/types\/product"}],"replies":[{"embeddable":true,"href":"https:\/\/aromenderalpen.de\/pl\/wp-json\/wp\/v2\/comments?post=5854"}],"wp:featuredmedia":[{"embeddable":true,"href":"https:\/\/aromenderalpen.de\/pl\/wp-json\/wp\/v2\/media\/5856"}],"wp:attachment":[{"href":"https:\/\/aromenderalpen.de\/pl\/wp-json\/wp\/v2\/media?parent=5854"}],"wp:term":[{"taxonomy":"product_brand","embeddable":true,"href":"https:\/\/aromenderalpen.de\/pl\/wp-json\/wp\/v2\/product_brand?post=5854"},{"taxonomy":"product_cat","embeddable":true,"href":"https:\/\/aromenderalpen.de\/pl\/wp-json\/wp\/v2\/product_cat?post=5854"},{"taxonomy":"product_tag","embeddable":true,"href":"https:\/\/aromenderalpen.de\/pl\/wp-json\/wp\/v2\/product_tag?post=5854"}],"curies":[{"name":"wp","href":"https:\/\/api.w.org\/{rel}","templated":true}]}}