{"id":5858,"date":"2026-04-17T12:37:39","date_gmt":"2026-04-17T10:37:39","guid":{"rendered":"https:\/\/aromenderalpen.de\/?post_type=product&#038;p=5858"},"modified":"2026-04-17T12:40:24","modified_gmt":"2026-04-17T10:40:24","slug":"gewuerz-symphonie-dziewiec-nut-doskonalego-smaku-kopie","status":"publish","type":"product","link":"https:\/\/aromenderalpen.de\/pl\/produkt\/gewuerz-symphonie-dziewiec-nut-doskonalego-smaku-kopie\/","title":{"rendered":"Imperium Aroma &#8211; Potega smaku, luksus w kazdym lyku"},"content":{"rendered":"","protected":false},"excerpt":{"rendered":"<p>Zatrzymaj si\u0119 na chwil\u0119 i zanurz w \u015bwiecie spokoju z zestawem \u201eHerbaciana Harmonia\u201d. To idealna propozycja dla wszystkich, kt\u00f3rzy pragn\u0105 wyciszenia, ciep\u0142a i naturalnej przyjemno\u015bci w codziennym rytmie dnia.<br \/>\nStarannie dobrana kompozycja aromatycznych herbat w po\u0142\u0105czeniu z eleganckim zaparzaczem tworzy wyj\u0105tkowy rytua\u0142, kt\u00f3ry koi zmys\u0142y i pozwala odnale\u017a\u0107 chwil\u0119 tylko dla siebie. To nie tylko zestaw \u2013 to do\u015bwiadczenie pe\u0142ne ciep\u0142a, natury i subtelnej elegancji.<br \/>\nIdealny na spokojne poranki, wieczorny relaks lub jako wyj\u0105tkowy prezent dla bliskiej osoby.<br \/>\nChwila ciszy. \u0141yk spokoju. Czysta przyjemno\u015b\u0107.    <\/p>\n","protected":false},"featured_media":5860,"comment_status":"open","ping_status":"closed","template":"","meta":[],"product_brand":[],"product_cat":[133,135],"product_tag":[],"class_list":{"0":"post-5858","1":"product","2":"type-product","3":"status-publish","4":"has-post-thumbnail","6":"product_cat-herbaty","7":"product_cat-zestawy-produktow","9":"first","10":"instock","11":"purchasable","12":"product-type-simple"},"_links":{"self":[{"href":"https:\/\/aromenderalpen.de\/pl\/wp-json\/wp\/v2\/product\/5858","targetHints":{"allow":["GET"]}}],"collection":[{"href":"https:\/\/aromenderalpen.de\/pl\/wp-json\/wp\/v2\/product"}],"about":[{"href":"https:\/\/aromenderalpen.de\/pl\/wp-json\/wp\/v2\/types\/product"}],"replies":[{"embeddable":true,"href":"https:\/\/aromenderalpen.de\/pl\/wp-json\/wp\/v2\/comments?post=5858"}],"wp:featuredmedia":[{"embeddable":true,"href":"https:\/\/aromenderalpen.de\/pl\/wp-json\/wp\/v2\/media\/5860"}],"wp:attachment":[{"href":"https:\/\/aromenderalpen.de\/pl\/wp-json\/wp\/v2\/media?parent=5858"}],"wp:term":[{"taxonomy":"product_brand","embeddable":true,"href":"https:\/\/aromenderalpen.de\/pl\/wp-json\/wp\/v2\/product_brand?post=5858"},{"taxonomy":"product_cat","embeddable":true,"href":"https:\/\/aromenderalpen.de\/pl\/wp-json\/wp\/v2\/product_cat?post=5858"},{"taxonomy":"product_tag","embeddable":true,"href":"https:\/\/aromenderalpen.de\/pl\/wp-json\/wp\/v2\/product_tag?post=5858"}],"curies":[{"name":"wp","href":"https:\/\/api.w.org\/{rel}","templated":true}]}}