{"id":5862,"date":"2026-04-17T12:41:31","date_gmt":"2026-04-17T10:41:31","guid":{"rendered":"https:\/\/aromenderalpen.de\/?post_type=product&#038;p=5862"},"modified":"2026-04-17T12:46:05","modified_gmt":"2026-04-17T10:46:05","slug":"imperium-aroma-potega-smaku-luksus-w-kazdym-lyku-kopie","status":"publish","type":"product","link":"https:\/\/aromenderalpen.de\/pl\/produkt\/imperium-aroma-potega-smaku-luksus-w-kazdym-lyku-kopie\/","title":{"rendered":"Aromaty \u015bwiata \u2013 luksusowa kolekcja"},"content":{"rendered":"","protected":false},"excerpt":{"rendered":"<p>Ekskluzywna kolekcja, kt\u00f3ra zabiera w zmys\u0142ow\u0105 podr\u00f3\u017c po najdalszych zak\u0105tkach kulinarnego \u015bwiata. Ka\u017cdy produkt zosta\u0142 starannie wyselekcjonowany, by po\u0142\u0105czy\u0107 wyj\u0105tkowe aromaty z wyrafinowanymi, niezapomnianymi smakami. Ta luksusowa kompozycja oferuje prawdziw\u0105 symfoni\u0119 dozna\u0144 \u2013 od intensywnych przypraw po subtelne nuty s\u0142odyczy i delikatnej goryczy, kt\u00f3re pozostaj\u0105 w pami\u0119ci na d\u0142ugo.<br \/>\nIdealna jako presti\u017cowy prezent lub spos\u00f3b na celebrowanie wyj\u0105tkowych chwil \u2013 kolekcja, kt\u00f3ra zachwyca, inspiruje i przenosi w \u015bwiat prawdziwego luksusu, gdzie ka\u017cdy \u0142yk, k\u0119s i zapach staje si\u0119 do\u015bwiadczeniem niepowtarzalnej przyjemno\u015bci.  <\/p>\n<p>&#8211; Nero Spaghetti 500g<br \/>\n&#8211; Nero Fusilli 500g<br \/>\n&#8211; Nero Calamari 250g<br \/>\n&#8211; Pappardelle Pasta 500g<br \/>\n&#8211; Trofie 500g<br \/>\n&#8211; Tr\u00fcffel Gnocchi 500g<br \/>\n&#8211; Le Gruyere 150g<br \/>\n&#8211; K\u00fcrbistraum 150g<br \/>\n&#8211; Uriger Bergler 12m 150g<br \/>\n&#8211; Tr\u00fcffelk\u00e4se 150g<br \/>\n&#8211; Almbl\u00fctenk\u00e4se 150g<br \/>\n&#8211; Ziegenlaib 150g<br \/>\n&#8211; Tr\u00fcffel-bruschetta &#8211; tomatenaufstzrich mit schwarzem tr\u00fcffel 180g<br \/>\n&#8211; aurelia Pesto Fix Tomatenliebe 100g<\/p>\n<p>&#8211; aurelia Mediterrane Kr\u00e4uter 50g<br \/>\n&#8211; aurelia Wildkr\u00e4uter 25g<br \/>\n&#8211; aurelia Kartoffelsalatgew\u00fcrz 50g<br \/>\n&#8211; aurelia W\u00fcrzbl\u00fcten 8g<br \/>\n&#8211; aurelia K\u00e4segew\u00fcrz 50g<br \/>\n&#8211; aurelia Bergler Tee 75g<br \/>\n&#8211; aurelia Bergkr\u00e4uter Tee 75<\/p>\n","protected":false},"featured_media":5866,"comment_status":"open","ping_status":"closed","template":"","meta":[],"product_brand":[],"product_cat":[133,131,135,126,111],"product_tag":[],"class_list":{"0":"post-5862","1":"product","2":"type-product","3":"status-publish","4":"has-post-thumbnail","6":"product_cat-herbaty","7":"product_cat-przyprawy","8":"product_cat-zestawy-produktow","9":"product_cat-makarony","10":"product_cat-ser-dojrzewajacy","12":"first","13":"instock","14":"purchasable","15":"product-type-simple"},"_links":{"self":[{"href":"https:\/\/aromenderalpen.de\/pl\/wp-json\/wp\/v2\/product\/5862","targetHints":{"allow":["GET"]}}],"collection":[{"href":"https:\/\/aromenderalpen.de\/pl\/wp-json\/wp\/v2\/product"}],"about":[{"href":"https:\/\/aromenderalpen.de\/pl\/wp-json\/wp\/v2\/types\/product"}],"replies":[{"embeddable":true,"href":"https:\/\/aromenderalpen.de\/pl\/wp-json\/wp\/v2\/comments?post=5862"}],"wp:featuredmedia":[{"embeddable":true,"href":"https:\/\/aromenderalpen.de\/pl\/wp-json\/wp\/v2\/media\/5866"}],"wp:attachment":[{"href":"https:\/\/aromenderalpen.de\/pl\/wp-json\/wp\/v2\/media?parent=5862"}],"wp:term":[{"taxonomy":"product_brand","embeddable":true,"href":"https:\/\/aromenderalpen.de\/pl\/wp-json\/wp\/v2\/product_brand?post=5862"},{"taxonomy":"product_cat","embeddable":true,"href":"https:\/\/aromenderalpen.de\/pl\/wp-json\/wp\/v2\/product_cat?post=5862"},{"taxonomy":"product_tag","embeddable":true,"href":"https:\/\/aromenderalpen.de\/pl\/wp-json\/wp\/v2\/product_tag?post=5862"}],"curies":[{"name":"wp","href":"https:\/\/api.w.org\/{rel}","templated":true}]}}