{"id":5868,"date":"2026-04-17T12:46:44","date_gmt":"2026-04-17T10:46:44","guid":{"rendered":"https:\/\/aromenderalpen.de\/?post_type=product&#038;p=5868"},"modified":"2026-04-17T12:49:39","modified_gmt":"2026-04-17T10:49:39","slug":"aromaty-swiata-luksusowa-kolekcja-kopie","status":"publish","type":"product","link":"https:\/\/aromenderalpen.de\/pl\/produkt\/aromaty-swiata-luksusowa-kolekcja-kopie\/","title":{"rendered":"Z\u0142ote \u017cyczenia \u2013 luksusowa kolekcja smak\u00f3w"},"content":{"rendered":"","protected":false},"excerpt":{"rendered":"<p>Stworzona dla tych, kt\u00f3rzy ceni\u0105 prawdziw\u0105 elegancj\u0119 i wyrafinowane doznania. Ka\u017cdy element zestawu to ma\u0142e dzie\u0142o sztuki kulinarnej \u2013 od intensywnych aromat\u00f3w po szlachetne smaki, kt\u00f3re pozostaj\u0105 w pami\u0119ci. Starannie dobrane produkty najwy\u017cszej jako\u015bci harmonijnie \u0142\u0105cz\u0105 si\u0119 w niezapomnian\u0105 symfoni\u0119 przyjemno\u015bci, zamieniaj\u0105c ka\u017cdy moment w wyj\u0105tkowe do\u015bwiadczenie. Idealny jako presti\u017cowy prezent lub celebracja najwa\u017cniejszych chwil \u2013 zestaw, kt\u00f3ry zachwyca, inspiruje i pozostawia poczucie prawdziwego luksusu.  <\/p>\n<p>&#8211; Croxetti 500g<br \/>\n&#8211; Tagiatelle 6 Sapori 250g<br \/>\n&#8211; Stelle Alpine 250g<br \/>\n&#8211; Stringhette 6 Sapori 210g<br \/>\n&#8211; Almblutenk\u00e4se 150g<br \/>\n&#8211; K\u00fcrbistraum 150g<br \/>\n&#8211; Vulkank\u00e4se 150g<br \/>\n&#8211; Tr\u00fcffelk\u00e4se 150g<br \/>\n&#8211; Tr\u00fcffelbutter im Glas 50g<br \/>\n&#8211; Wei\u00dfes Tr\u00fcffel\u00f6l &#8211; W\u00fcrz\u00f6l mit Tr\u00fcffelaroma 55ml<br \/>\n&#8211; aurelia Wildkr\u00e4uter 25g<br \/>\n&#8211; aurelia Salatkr\u00e4uter 25g<br \/>\n&#8211; aurelia W\u00fcrzbl\u00fcten 25g<br \/>\n&#8211; Tomatenliebe 100g<\/p>\n","protected":false},"featured_media":5864,"comment_status":"open","ping_status":"closed","template":"","meta":[],"product_brand":[],"product_cat":[133,131,135,126,111],"product_tag":[],"class_list":{"0":"post-5868","1":"product","2":"type-product","3":"status-publish","4":"has-post-thumbnail","6":"product_cat-herbaty","7":"product_cat-przyprawy","8":"product_cat-zestawy-produktow","9":"product_cat-makarony","10":"product_cat-ser-dojrzewajacy","12":"first","13":"instock","14":"purchasable","15":"product-type-simple"},"_links":{"self":[{"href":"https:\/\/aromenderalpen.de\/pl\/wp-json\/wp\/v2\/product\/5868","targetHints":{"allow":["GET"]}}],"collection":[{"href":"https:\/\/aromenderalpen.de\/pl\/wp-json\/wp\/v2\/product"}],"about":[{"href":"https:\/\/aromenderalpen.de\/pl\/wp-json\/wp\/v2\/types\/product"}],"replies":[{"embeddable":true,"href":"https:\/\/aromenderalpen.de\/pl\/wp-json\/wp\/v2\/comments?post=5868"}],"wp:featuredmedia":[{"embeddable":true,"href":"https:\/\/aromenderalpen.de\/pl\/wp-json\/wp\/v2\/media\/5864"}],"wp:attachment":[{"href":"https:\/\/aromenderalpen.de\/pl\/wp-json\/wp\/v2\/media?parent=5868"}],"wp:term":[{"taxonomy":"product_brand","embeddable":true,"href":"https:\/\/aromenderalpen.de\/pl\/wp-json\/wp\/v2\/product_brand?post=5868"},{"taxonomy":"product_cat","embeddable":true,"href":"https:\/\/aromenderalpen.de\/pl\/wp-json\/wp\/v2\/product_cat?post=5868"},{"taxonomy":"product_tag","embeddable":true,"href":"https:\/\/aromenderalpen.de\/pl\/wp-json\/wp\/v2\/product_tag?post=5868"}],"curies":[{"name":"wp","href":"https:\/\/api.w.org\/{rel}","templated":true}]}}