{"id":5870,"date":"2026-04-17T12:50:07","date_gmt":"2026-04-17T10:50:07","guid":{"rendered":"https:\/\/aromenderalpen.de\/?post_type=product&#038;p=5870"},"modified":"2026-04-17T12:54:26","modified_gmt":"2026-04-17T10:54:26","slug":"zlote-zyczenia-luksusowa-kolekcja-smakow-kopie","status":"publish","type":"product","link":"https:\/\/aromenderalpen.de\/pl\/produkt\/zlote-zyczenia-luksusowa-kolekcja-smakow-kopie\/","title":{"rendered":"Chwile przyjemno\u015bci \u2013 zestaw prezentowy"},"content":{"rendered":"","protected":false},"excerpt":{"rendered":"<p>Stylowy zestaw prezentowy pe\u0142en starannie wybranych przysmak\u00f3w, kt\u00f3re zamieniaj\u0105 kr\u00f3tkie chwile w co\u015b wyj\u0105tkowego. Subtelne aromaty i harmonijne kompozycje smak\u00f3w tworz\u0105 prawdziwe momenty przyjemno\u015bci \u2013 idealny na prezent lub jako drobna przyjemno\u015b\u0107 dla samego siebie. <\/p>\n<p>&#8211; Vulkank\u00e4se 150g<br \/>\n&#8211; Uriger Bergler 12M &#8211; 150g<br \/>\n&#8211; Strozzapreti mit dem Weizen Germ 500g<br \/>\n&#8211; Penne Rigate mit dem Weizen Germ 500g<br \/>\n&#8211; Tr\u00fcffelsalz &#8211; Feines Meersalz mit Sommertr\u00fcffel 40g<br \/>\n&#8211; aurelia &#8211; Mediterrane Kr\u00e4uter 50g<br \/>\n&#8211; aurelia -W\u00fcrzbl\u00fcten 25g<\/p>\n","protected":false},"featured_media":5872,"comment_status":"open","ping_status":"closed","template":"","meta":[],"product_brand":[],"product_cat":[133,131,135,126,111],"product_tag":[],"class_list":{"0":"post-5870","1":"product","2":"type-product","3":"status-publish","4":"has-post-thumbnail","6":"product_cat-herbaty","7":"product_cat-przyprawy","8":"product_cat-zestawy-produktow","9":"product_cat-makarony","10":"product_cat-ser-dojrzewajacy","12":"first","13":"instock","14":"purchasable","15":"product-type-simple"},"_links":{"self":[{"href":"https:\/\/aromenderalpen.de\/pl\/wp-json\/wp\/v2\/product\/5870","targetHints":{"allow":["GET"]}}],"collection":[{"href":"https:\/\/aromenderalpen.de\/pl\/wp-json\/wp\/v2\/product"}],"about":[{"href":"https:\/\/aromenderalpen.de\/pl\/wp-json\/wp\/v2\/types\/product"}],"replies":[{"embeddable":true,"href":"https:\/\/aromenderalpen.de\/pl\/wp-json\/wp\/v2\/comments?post=5870"}],"wp:featuredmedia":[{"embeddable":true,"href":"https:\/\/aromenderalpen.de\/pl\/wp-json\/wp\/v2\/media\/5872"}],"wp:attachment":[{"href":"https:\/\/aromenderalpen.de\/pl\/wp-json\/wp\/v2\/media?parent=5870"}],"wp:term":[{"taxonomy":"product_brand","embeddable":true,"href":"https:\/\/aromenderalpen.de\/pl\/wp-json\/wp\/v2\/product_brand?post=5870"},{"taxonomy":"product_cat","embeddable":true,"href":"https:\/\/aromenderalpen.de\/pl\/wp-json\/wp\/v2\/product_cat?post=5870"},{"taxonomy":"product_tag","embeddable":true,"href":"https:\/\/aromenderalpen.de\/pl\/wp-json\/wp\/v2\/product_tag?post=5870"}],"curies":[{"name":"wp","href":"https:\/\/api.w.org\/{rel}","templated":true}]}}